{"id":142,"date":"2024-06-28T11:09:00","date_gmt":"2024-06-28T09:09:00","guid":{"rendered":"https:\/\/delteh.com\/about-cookies\/"},"modified":"2026-02-25T16:12:09","modified_gmt":"2026-02-25T15:12:09","slug":"about-cookies","status":"publish","type":"page","link":"https:\/\/delteh.com\/sl\/piskotki\/","title":{"rendered":"Pi\u0161kotki"},"content":{"rendered":"\n\t<section class=\"section\" id=\"section_1242953028\">\n\t\t<div class=\"section-bg fill\" >\n\t\t\t\t\t\t\t\t\t\n\t\t\t\n\t<div class=\"is-border\"\n\t\tstyle=\"border-color:rgb(255, 153, 0);border-width:8px 0px 0px 0px;\">\n\t<\/div>\n\n\t\t<\/div>\n\n\t\t\n\n\t\t<div class=\"section-content relative\">\n\t\t\t\n  <div id=\"page-header-1845329972\" class=\"page-header-wrapper\">\n  <div class=\"page-title dark featured-title\">\n\n    \n    <div class=\"page-title-inner container align-center flex-row medium-flex-wrap\" >\n              <div class=\"title-wrapper flex-col text-left medium-text-center\">\n          <h1 class=\"entry-title mb-0\">\n            Pi\u0161kotki          <\/h1>\n        <\/div>\n                    <div class=\"title-content flex-col flex-right text-right medium-text-center\">\n        <div class=\"title-breadcrumbs pb-half pt-half\"><nav class=\"woocommerce-breadcrumb breadcrumbs uppercase\" aria-label=\"Breadcrumb\">Domov<\/nav><\/div>      <\/div>\n    <\/div>\n\n       <\/div>\n    <\/div>\n  \n\t\t<\/div>\n\n\t\t\n<style>\n#section_1242953028 {\n  padding-top: 8px;\n  padding-bottom: 8px;\n  background-color: rgb(39, 54, 71);\n}\n<\/style>\n\t<\/section>\n\t\n\n\t<section class=\"section\" id=\"section_1049375354\">\n\t\t<div class=\"section-bg fill\" >\n\t\t\t\t\t\t\t\t\t\n\t\t\t\n\n\t\t<\/div>\n\n\t\t\n\n\t\t<div class=\"section-content relative\">\n\t\t\t\n<div class=\"row\"  id=\"row-1890828653\">\n\n\t<div id=\"col-1035872358\" class=\"col small-12 large-12\"  >\n\t\t\t\t<div class=\"col-inner\"  >\n\t\t\t\n\t\t\t\n<h1 data-path-to-node=\"2\">O pi\u0161kotkih in njihovi uporabi na na\u0161i spletni strani<\/h1>\n<h2 data-path-to-node=\"3\">Kaj so pi\u0161kotki?<\/h2>\n<p data-path-to-node=\"4\">Pi\u0161kotek je datoteka, ki shranjuje nastavitve spletne strani. Spletna mesta pi\u0161kotke shranjujejo v naprave uporabnikov, ki dostopajo do interneta, z namenom prepoznavanja posameznih naprav in nastavitev, ki so jih uporabniki uporabili pri dostopu. Pi\u0161kotki omogo\u010dajo spletnim stranem, da prepoznajo, ali je uporabnik to spletno mesto \u017ee obiskal, pri naprednih aplikacijah pa lahko z njihovo pomo\u010djo prilagodijo posamezne nastavitve. Njihovo shranjevanje je pod popolnim nadzorom <span class=\"citation-187 citation-end-187\">brskalnika, ki ga uporablja uporabnik \u2013 ta lahko shranjevanje pi\u0161kotkov po \u017eelji omeji ali onemogo\u010di.<\/span><\/p>\n<div class=\"source-inline-chip-container ng-star-inserted\"><\/div>\n<h2 data-path-to-node=\"5\"><span class=\"citation-186 citation-end-186\">Zakaj so pi\u0161kotki potrebni?<\/span><\/h2>\n<p data-path-to-node=\"6\"><span class=\"citation-185 citation-end-185\">Pi\u0161kotki so temeljnega pomena za zagotavljanje uporabniku prijaznih spletnih storitev; najpogostej\u0161e funkcij<\/span>e e-trgovine brez njih sploh ne bi bile mogo\u010de. Interakcija med spletnim uporabnikom in spletno stranjo je s pomo\u010djo pi\u0161kotkov hitrej\u0161a in enostavnej\u0161a. Z njihovo pomo\u010djo si spletna stran zapomni posameznikove preference in izku\u0161nje, kar prihrani \u010das, brskanje po spletnih straneh pa je tako u\u010dinkovitej\u0161e in prijetnej\u0161e.<\/p>\n<div class=\"source-inline-chip-container ng-star-inserted\"><\/div>\n<p data-path-to-node=\"7\">Razlogov za uporabo pi\u0161kotkov je ve\u010d. Uporabljajo se za shranjevanje podatkov o stanju posamezne spletne strani (podrobnosti o prilagoditvah posamezne strani), pomagajo pri izvajanju spletnih storitev (npr. spletna trgovina), pomagajo pri zbiranju statisti\u010dnih podatkov o uporabnikih in obiskanosti spletnega mesta, bele\u017eenju navad spletnega uporabnika, itd. S pomo\u010djo pi\u0161kotkov lahko zato ocenimo u\u010dinkovitost zasnove na\u0161ega spletnega mesta.<\/p>\n<h2 data-path-to-node=\"8\">Pi\u0161kotki na na\u0161i spletni strani<\/h2>\n<p data-path-to-node=\"9\"><span class=\"citation-184 citation-end-184\">Pi\u0161kotki, ki jih uporabljamo na na\u0161i spletni strani, ne zbirajo va\u0161ih osebnih podatkov, s katerimi bi vas bilo mogo\u010de osebno prepoznati, in ne morejo po\u0161kodovati va\u0161ega ra\u010dunalnika, tablice ali mobilnega telefona. Pi\u0161ko<\/span>tki nam omogo\u010dajo delovanje spletne strani in nam pomagajo razumeti, katere informacije so za obiskovalce najkoristnej\u0161e.<\/p>\n<div class=\"source-inline-chip-container ng-star-inserted\"><\/div>\n<h2 data-path-to-node=\"10\">Soglasje<\/h2>\n<p data-path-to-node=\"11\">Nujni pi\u0161kotki se nalo\u017eijo ob za\u010detku obiska. Analiti\u010dni in ogla\u0161evalski pi\u0161kotki se nalo\u017eijo le, \u010de z njimi izrecno sogla\u0161ate.<\/p>\n<h2 data-path-to-node=\"12\">Upravljanje in brisanje pi\u0161kotkov<\/h2>\n<p data-path-to-node=\"13\">\u010ce \u017eelite spremeniti na\u010din uporabe pi\u0161kotkov v svojem brskalniku, vklju\u010dno z blokiranjem ali brisanjem, lahko to storite z ustrezno spremembo nastavitev brskalnika. Za upravljanje pi\u0161kotkov vam ve\u010dina brskalnikov omogo\u010da, da sprejmete ali zavrnete vse pi\u0161kotke, sprejmete le dolo\u010deno vrsto pi\u0161kotkov ali vas opozori, da stran \u017eeli shraniti pi\u0161kotek. Prav tako lahko enostavno izbri\u0161ete pi\u0161kotke, ki jih je brskalnik \u017ee shranil.<\/p>\n<p data-path-to-node=\"14\">\u010ce spremenite ali izbri\u0161ete brskalnikovo datoteko s pi\u0161kotki, zamenjate ali posodobite brskalnik ali napravo, boste morda morali pi\u0161kotke ponovno onemogo\u010diti. Postopek za upravljanje in brisanje pi\u0161kotkov se razlikuje od brskalnika do brskalnika. \u010ce potrebujete pomo\u010d, lahko vpogledate v uporabni\u0161ko pomo\u010d brskalnika.<\/p>\n<p data-path-to-node=\"15\">Navodila za upravljanje pi\u0161kotkov v posameznih brskalnikih:<\/p>\n<ul>\n<li>\n<p data-path-to-node=\"2,0,0\"><b data-path-to-node=\"2,0,0\" data-index-in-node=\"0\">Google Chrome:<\/b> <a class=\"ng-star-inserted\" href=\"https:\/\/support.google.com\/chrome\/answer\/95647?hl=sl\" target=\"_blank\" rel=\"noopener\" data-hveid=\"0\" data-ved=\"0CAAQ_4QMahcKEwjEgeHMrfSSAxUAAAAAHQAAAAAQQA\">https:\/\/support.google.com\/chrome\/answer\/95647?hl=sl<\/a><\/p>\n<\/li>\n<li>\n<p data-path-to-node=\"2,1,0\"><b data-path-to-node=\"2,1,0\" data-index-in-node=\"0\">Microsoft Edge:<\/b> <a class=\"ng-star-inserted\" href=\"https:\/\/support.microsoft.com\/sl-si\/microsoft-edge\/brisanje-in-upravljanje-pi\u0161kotkov-168dab11-0753-043d-7c16-ede5947fc64d\" target=\"_blank\" rel=\"noopener\" data-hveid=\"0\" data-ved=\"0CAAQ_4QMahcKEwjEgeHMrfSSAxUAAAAAHQAAAAAQQQ\">https:\/\/support.microsoft.com\/sl-si\/microsoft-edge\/brisanje-in-upravljanje-pi\u0161kotkov-168dab11-0753-043d-7c16-ede5947fc64d<\/a><\/p>\n<\/li>\n<li>\n<p data-path-to-node=\"2,2,0\"><b data-path-to-node=\"2,2,0\" data-index-in-node=\"0\">Mozilla Firefox:<\/b> <a class=\"ng-star-inserted\" href=\"https:\/\/support.mozilla.org\/sl\/kb\/piskotki\" target=\"_blank\" rel=\"noopener\" data-hveid=\"0\" data-ved=\"0CAAQ_4QMahcKEwjEgeHMrfSSAxUAAAAAHQAAAAAQQg\">https:\/\/support.mozilla.org\/sl\/kb\/piskotki<\/a><\/p>\n<\/li>\n<li>\n<p data-path-to-node=\"2,3,0\"><b data-path-to-node=\"2,3,0\" data-index-in-node=\"0\">Safari:<\/b> <a class=\"ng-star-inserted\" href=\"https:\/\/support.apple.com\/sl-si\/guide\/safari\/sfri11471\/mac\" target=\"_blank\" rel=\"noopener\" data-hveid=\"0\" data-ved=\"0CAAQ_4QMahcKEwjEgeHMrfSSAxUAAAAAHQAAAAAQQw\">https:\/\/support.apple.com\/sl-si\/guide\/safari\/sfri11471\/mac<\/a><\/p>\n<\/li>\n<li>\n<p data-path-to-node=\"2,4,0\"><b data-path-to-node=\"2,4,0\" data-index-in-node=\"0\">Opera:<\/b> <a class=\"ng-star-inserted\" href=\"https:\/\/help.opera.com\/en\/latest\/web-preferences\/#cookies\" target=\"_blank\" rel=\"noopener\" data-hveid=\"0\" data-ved=\"0CAAQ_4QMahcKEwjEgeHMrfSSAxUAAAAAHQAAAAAQRA\">https:\/\/help.opera.com\/en\/latest\/web-preferences\/#cookies<\/a><\/p>\n<\/li>\n<\/ul>\n\t\t<\/div>\n\t\t\t\t\t<\/div>\n\n\t\n<\/div>\n\t\t<\/div>\n\n\t\t\n<style>\n#section_1049375354 {\n  padding-top: 30px;\n  padding-bottom: 30px;\n}\n<\/style>\n\t<\/section>\n\t\n","protected":false},"excerpt":{"rendered":"","protected":false},"author":1,"featured_media":0,"parent":0,"menu_order":0,"comment_status":"closed","ping_status":"closed","template":"page-blank.php","meta":{"footnotes":""},"class_list":["post-142","page","type-page","status-publish","hentry"],"yoast_head":"<!-- This site is optimized with the Yoast SEO plugin v27.3 - https:\/\/yoast.com\/product\/yoast-seo-wordpress\/ -->\n<title>Pi\u0161kotki - Delteh.com<\/title>\n<meta name=\"robots\" content=\"noindex, nofollow\" \/>\n<meta property=\"og:locale\" content=\"sl_SI\" \/>\n<meta property=\"og:type\" content=\"article\" \/>\n<meta property=\"og:title\" content=\"Pi\u0161kotki - Delteh.com\" \/>\n<meta property=\"og:url\" content=\"https:\/\/delteh.com\/sl\/piskotki\/\" \/>\n<meta property=\"og:site_name\" content=\"Delteh.com\" \/>\n<meta property=\"article:publisher\" content=\"https:\/\/www.facebook.com\/people\/Delteh\/100063964302455\/\" \/>\n<meta property=\"article:modified_time\" content=\"2026-02-25T15:12:09+00:00\" \/>\n<meta name=\"twitter:card\" content=\"summary_large_image\" \/>\n<meta name=\"twitter:label1\" content=\"Est. reading time\" \/>\n\t<meta name=\"twitter:data1\" content=\"2 minuti\" \/>\n<script type=\"application\/ld+json\" class=\"yoast-schema-graph\">{\"@context\":\"https:\\\/\\\/schema.org\",\"@graph\":[{\"@type\":\"WebPage\",\"@id\":\"https:\\\/\\\/delteh.com\\\/sl\\\/piskotki\\\/\",\"url\":\"https:\\\/\\\/delteh.com\\\/sl\\\/piskotki\\\/\",\"name\":\"Pi\u0161kotki - Delteh.com\",\"isPartOf\":{\"@id\":\"https:\\\/\\\/delteh.com\\\/sl\\\/#website\"},\"datePublished\":\"2024-06-28T09:09:00+00:00\",\"dateModified\":\"2026-02-25T15:12:09+00:00\",\"breadcrumb\":{\"@id\":\"https:\\\/\\\/delteh.com\\\/sl\\\/piskotki\\\/#breadcrumb\"},\"inLanguage\":\"sl-SI\",\"potentialAction\":[{\"@type\":\"ReadAction\",\"target\":[\"https:\\\/\\\/delteh.com\\\/sl\\\/piskotki\\\/\"]}]},{\"@type\":\"BreadcrumbList\",\"@id\":\"https:\\\/\\\/delteh.com\\\/sl\\\/piskotki\\\/#breadcrumb\",\"itemListElement\":[{\"@type\":\"ListItem\",\"position\":1,\"name\":\"Home\",\"item\":\"https:\\\/\\\/delteh.com\\\/sl\\\/\"},{\"@type\":\"ListItem\",\"position\":2,\"name\":\"Pi\u0161kotki\"}]},{\"@type\":\"WebSite\",\"@id\":\"https:\\\/\\\/delteh.com\\\/sl\\\/#website\",\"url\":\"https:\\\/\\\/delteh.com\\\/sl\\\/\",\"name\":\"DELTEH.COM\",\"description\":\"\",\"publisher\":{\"@id\":\"https:\\\/\\\/delteh.com\\\/sl\\\/#organization\"},\"potentialAction\":[{\"@type\":\"SearchAction\",\"target\":{\"@type\":\"EntryPoint\",\"urlTemplate\":\"https:\\\/\\\/delteh.com\\\/sl\\\/?s={search_term_string}\"},\"query-input\":{\"@type\":\"PropertyValueSpecification\",\"valueRequired\":true,\"valueName\":\"search_term_string\"}}],\"inLanguage\":\"sl-SI\"},{\"@type\":\"Organization\",\"@id\":\"https:\\\/\\\/delteh.com\\\/sl\\\/#organization\",\"name\":\"DELTEH\",\"url\":\"https:\\\/\\\/delteh.com\\\/sl\\\/\",\"logo\":{\"@type\":\"ImageObject\",\"inLanguage\":\"sl-SI\",\"@id\":\"https:\\\/\\\/delteh.com\\\/sl\\\/#\\\/schema\\\/logo\\\/image\\\/\",\"url\":\"https:\\\/\\\/delteh.com\\\/wp-content\\\/uploads\\\/2024\\\/10\\\/Delteh-logo-google-png.webp\",\"contentUrl\":\"https:\\\/\\\/delteh.com\\\/wp-content\\\/uploads\\\/2024\\\/10\\\/Delteh-logo-google-png.webp\",\"width\":500,\"height\":500,\"caption\":\"DELTEH\"},\"image\":{\"@id\":\"https:\\\/\\\/delteh.com\\\/sl\\\/#\\\/schema\\\/logo\\\/image\\\/\"},\"sameAs\":[\"https:\\\/\\\/www.facebook.com\\\/people\\\/Delteh\\\/100063964302455\\\/\",\"https:\\\/\\\/www.youtube.com\\\/@delteh\",\"https:\\\/\\\/www.pinterest.com\\\/Delteh86\\\/\"]}]}<\/script>\n<!-- \/ Yoast SEO plugin. -->","yoast_head_json":{"title":"Pi\u0161kotki - Delteh.com","robots":{"index":"noindex","follow":"nofollow"},"og_locale":"sl_SI","og_type":"article","og_title":"Pi\u0161kotki - Delteh.com","og_url":"https:\/\/delteh.com\/sl\/piskotki\/","og_site_name":"Delteh.com","article_publisher":"https:\/\/www.facebook.com\/people\/Delteh\/100063964302455\/","article_modified_time":"2026-02-25T15:12:09+00:00","twitter_card":"summary_large_image","twitter_misc":{"Est. reading time":"2 minuti"},"schema":{"@context":"https:\/\/schema.org","@graph":[{"@type":"WebPage","@id":"https:\/\/delteh.com\/sl\/piskotki\/","url":"https:\/\/delteh.com\/sl\/piskotki\/","name":"Pi\u0161kotki - Delteh.com","isPartOf":{"@id":"https:\/\/delteh.com\/sl\/#website"},"datePublished":"2024-06-28T09:09:00+00:00","dateModified":"2026-02-25T15:12:09+00:00","breadcrumb":{"@id":"https:\/\/delteh.com\/sl\/piskotki\/#breadcrumb"},"inLanguage":"sl-SI","potentialAction":[{"@type":"ReadAction","target":["https:\/\/delteh.com\/sl\/piskotki\/"]}]},{"@type":"BreadcrumbList","@id":"https:\/\/delteh.com\/sl\/piskotki\/#breadcrumb","itemListElement":[{"@type":"ListItem","position":1,"name":"Home","item":"https:\/\/delteh.com\/sl\/"},{"@type":"ListItem","position":2,"name":"Pi\u0161kotki"}]},{"@type":"WebSite","@id":"https:\/\/delteh.com\/sl\/#website","url":"https:\/\/delteh.com\/sl\/","name":"DELTEH.COM","description":"","publisher":{"@id":"https:\/\/delteh.com\/sl\/#organization"},"potentialAction":[{"@type":"SearchAction","target":{"@type":"EntryPoint","urlTemplate":"https:\/\/delteh.com\/sl\/?s={search_term_string}"},"query-input":{"@type":"PropertyValueSpecification","valueRequired":true,"valueName":"search_term_string"}}],"inLanguage":"sl-SI"},{"@type":"Organization","@id":"https:\/\/delteh.com\/sl\/#organization","name":"DELTEH","url":"https:\/\/delteh.com\/sl\/","logo":{"@type":"ImageObject","inLanguage":"sl-SI","@id":"https:\/\/delteh.com\/sl\/#\/schema\/logo\/image\/","url":"https:\/\/delteh.com\/wp-content\/uploads\/2024\/10\/Delteh-logo-google-png.webp","contentUrl":"https:\/\/delteh.com\/wp-content\/uploads\/2024\/10\/Delteh-logo-google-png.webp","width":500,"height":500,"caption":"DELTEH"},"image":{"@id":"https:\/\/delteh.com\/sl\/#\/schema\/logo\/image\/"},"sameAs":["https:\/\/www.facebook.com\/people\/Delteh\/100063964302455\/","https:\/\/www.youtube.com\/@delteh","https:\/\/www.pinterest.com\/Delteh86\/"]}]}},"_links":{"self":[{"href":"https:\/\/delteh.com\/sl\/wp-json\/wp\/v2\/pages\/142","targetHints":{"allow":["GET"]}}],"collection":[{"href":"https:\/\/delteh.com\/sl\/wp-json\/wp\/v2\/pages"}],"about":[{"href":"https:\/\/delteh.com\/sl\/wp-json\/wp\/v2\/types\/page"}],"author":[{"embeddable":true,"href":"https:\/\/delteh.com\/sl\/wp-json\/wp\/v2\/users\/1"}],"replies":[{"embeddable":true,"href":"https:\/\/delteh.com\/sl\/wp-json\/wp\/v2\/comments?post=142"}],"version-history":[{"count":16,"href":"https:\/\/delteh.com\/sl\/wp-json\/wp\/v2\/pages\/142\/revisions"}],"predecessor-version":[{"id":1128,"href":"https:\/\/delteh.com\/sl\/wp-json\/wp\/v2\/pages\/142\/revisions\/1128"}],"wp:attachment":[{"href":"https:\/\/delteh.com\/sl\/wp-json\/wp\/v2\/media?parent=142"}],"curies":[{"name":"wp","href":"https:\/\/api.w.org\/{rel}","templated":true}]}}