{"id":159,"date":"2024-06-28T11:09:00","date_gmt":"2024-06-28T09:09:00","guid":{"rendered":"https:\/\/delteh.com\/?page_id=159"},"modified":"2026-03-01T11:25:02","modified_gmt":"2026-03-01T10:25:02","slug":"dostava","status":"publish","type":"page","link":"https:\/\/delteh.com\/sl\/dostava\/","title":{"rendered":"Dostava"},"content":{"rendered":"\n\t<section class=\"section\" id=\"section_1145947762\">\n\t\t<div class=\"section-bg fill\" >\n\t\t\t\t\t\t\t\t\t\n\t\t\t\n\t<div class=\"is-border\"\n\t\tstyle=\"border-color:rgb(255, 153, 0);border-width:8px 0px 0px 0px;\">\n\t<\/div>\n\n\t\t<\/div>\n\n\t\t\n\n\t\t<div class=\"section-content relative\">\n\t\t\t\n  <div id=\"page-header-1345356280\" class=\"page-header-wrapper\">\n  <div class=\"page-title dark featured-title\">\n\n    \n    <div class=\"page-title-inner container align-center flex-row medium-flex-wrap\" >\n              <div class=\"title-wrapper flex-col text-left medium-text-center\">\n          <h1 class=\"entry-title mb-0\">\n            Dostava          <\/h1>\n        <\/div>\n                    <div class=\"title-content flex-col flex-right text-right medium-text-center\">\n        <div class=\"title-breadcrumbs pb-half pt-half\"><nav class=\"woocommerce-breadcrumb breadcrumbs uppercase\" aria-label=\"Breadcrumb\">Domov<\/nav><\/div>      <\/div>\n    <\/div>\n\n       <\/div>\n    <\/div>\n  \n\t\t<\/div>\n\n\t\t\n<style>\n#section_1145947762 {\n  padding-top: 8px;\n  padding-bottom: 8px;\n  background-color: rgb(39, 54, 71);\n}\n<\/style>\n\t<\/section>\n\t\n\n\t<section class=\"section\" id=\"section_369723899\">\n\t\t<div class=\"section-bg fill\" >\n\t\t\t\t\t\t\t\t\t\n\t\t\t\n\n\t\t<\/div>\n\n\t\t\n\n\t\t<div class=\"section-content relative\">\n\t\t\t\n<div class=\"row\"  id=\"row-1458040154\">\n\n\t<div id=\"col-425083607\" class=\"col small-12 large-12\"  >\n\t\t\t\t<div class=\"col-inner\"  >\n\t\t\t\n\t\t\t\n<h1>DOSTAVA<\/h1>\n<p>Pakete po\u0161iljamo v dr\u017eave \u010dlanice EU, nekateri izdelki pa so na voljo tudi za dostavo v ZDA, Kanado in druge dr\u017eave. Stro\u0161ki dostave se izra\u010dunajo glede na te\u017eo in dimenzije izdelkov ter ciljno dr\u017eavo. Stro\u0161ki dostave so prikazani lo\u010deno v nakupovalni ko\u0161arici in med postopkom zaklju\u010dka nakupa. \u010ce naro\u010dilo presega omejitev te\u017ee, bo poslano v ve\u010d paketih.<\/p>\n<p>Naro\u010dila izdelkov, ki so na zalogi, bomo odposlali v roku 2-3 delovnih dni ter vas o tem obvestili in vam, \u010de bo na voljo, poslali \u0161tevilko za sledenje. \u010ce va\u0161e dr\u017eave ni na seznamu, nas prosimo kontaktirajte, in poiskali bomo najbolj\u0161o mo\u017eno re\u0161itev. Uporabljamo naslednje dostavne storitve: Po\u0161ta Slovenije (EMS), DPD, GLS in FedEx.<\/p>\n\t\t<\/div>\n\t\t\t\t\t<\/div>\n\n\t\n<\/div>\n\t\t<\/div>\n\n\t\t\n<style>\n#section_369723899 {\n  padding-top: 30px;\n  padding-bottom: 30px;\n}\n<\/style>\n\t<\/section>\n\t\n","protected":false},"excerpt":{"rendered":"","protected":false},"author":1,"featured_media":0,"parent":0,"menu_order":0,"comment_status":"closed","ping_status":"closed","template":"page-blank.php","meta":{"footnotes":""},"class_list":["post-159","page","type-page","status-publish","hentry"],"yoast_head":"<!-- This site is optimized with the Yoast SEO plugin v27.3 - https:\/\/yoast.com\/product\/yoast-seo-wordpress\/ -->\n<title>Dostava - Delteh.com<\/title>\n<meta name=\"robots\" content=\"noindex, nofollow\" \/>\n<meta property=\"og:locale\" content=\"sl_SI\" \/>\n<meta property=\"og:type\" content=\"article\" \/>\n<meta property=\"og:title\" content=\"Dostava - Delteh.com\" \/>\n<meta property=\"og:url\" content=\"https:\/\/delteh.com\/sl\/dostava\/\" \/>\n<meta property=\"og:site_name\" content=\"Delteh.com\" \/>\n<meta property=\"article:publisher\" content=\"https:\/\/www.facebook.com\/people\/Delteh\/100063964302455\/\" \/>\n<meta property=\"article:modified_time\" content=\"2026-03-01T10:25:02+00:00\" \/>\n<meta name=\"twitter:card\" content=\"summary_large_image\" \/>\n<meta name=\"twitter:label1\" content=\"Est. reading time\" \/>\n\t<meta name=\"twitter:data1\" content=\"1 minuta\" \/>\n<script type=\"application\/ld+json\" class=\"yoast-schema-graph\">{\"@context\":\"https:\\\/\\\/schema.org\",\"@graph\":[{\"@type\":\"WebPage\",\"@id\":\"https:\\\/\\\/delteh.com\\\/sl\\\/dostava\\\/\",\"url\":\"https:\\\/\\\/delteh.com\\\/sl\\\/dostava\\\/\",\"name\":\"Dostava - Delteh.com\",\"isPartOf\":{\"@id\":\"https:\\\/\\\/delteh.com\\\/sl\\\/#website\"},\"datePublished\":\"2024-06-28T09:09:00+00:00\",\"dateModified\":\"2026-03-01T10:25:02+00:00\",\"breadcrumb\":{\"@id\":\"https:\\\/\\\/delteh.com\\\/sl\\\/dostava\\\/#breadcrumb\"},\"inLanguage\":\"sl-SI\",\"potentialAction\":[{\"@type\":\"ReadAction\",\"target\":[\"https:\\\/\\\/delteh.com\\\/sl\\\/dostava\\\/\"]}]},{\"@type\":\"BreadcrumbList\",\"@id\":\"https:\\\/\\\/delteh.com\\\/sl\\\/dostava\\\/#breadcrumb\",\"itemListElement\":[{\"@type\":\"ListItem\",\"position\":1,\"name\":\"Home\",\"item\":\"https:\\\/\\\/delteh.com\\\/sl\\\/\"},{\"@type\":\"ListItem\",\"position\":2,\"name\":\"Dostava\"}]},{\"@type\":\"WebSite\",\"@id\":\"https:\\\/\\\/delteh.com\\\/sl\\\/#website\",\"url\":\"https:\\\/\\\/delteh.com\\\/sl\\\/\",\"name\":\"DELTEH.COM\",\"description\":\"\",\"publisher\":{\"@id\":\"https:\\\/\\\/delteh.com\\\/sl\\\/#organization\"},\"potentialAction\":[{\"@type\":\"SearchAction\",\"target\":{\"@type\":\"EntryPoint\",\"urlTemplate\":\"https:\\\/\\\/delteh.com\\\/sl\\\/?s={search_term_string}\"},\"query-input\":{\"@type\":\"PropertyValueSpecification\",\"valueRequired\":true,\"valueName\":\"search_term_string\"}}],\"inLanguage\":\"sl-SI\"},{\"@type\":\"Organization\",\"@id\":\"https:\\\/\\\/delteh.com\\\/sl\\\/#organization\",\"name\":\"DELTEH\",\"url\":\"https:\\\/\\\/delteh.com\\\/sl\\\/\",\"logo\":{\"@type\":\"ImageObject\",\"inLanguage\":\"sl-SI\",\"@id\":\"https:\\\/\\\/delteh.com\\\/sl\\\/#\\\/schema\\\/logo\\\/image\\\/\",\"url\":\"https:\\\/\\\/delteh.com\\\/wp-content\\\/uploads\\\/2024\\\/10\\\/Delteh-logo-google-png.webp\",\"contentUrl\":\"https:\\\/\\\/delteh.com\\\/wp-content\\\/uploads\\\/2024\\\/10\\\/Delteh-logo-google-png.webp\",\"width\":500,\"height\":500,\"caption\":\"DELTEH\"},\"image\":{\"@id\":\"https:\\\/\\\/delteh.com\\\/sl\\\/#\\\/schema\\\/logo\\\/image\\\/\"},\"sameAs\":[\"https:\\\/\\\/www.facebook.com\\\/people\\\/Delteh\\\/100063964302455\\\/\",\"https:\\\/\\\/www.youtube.com\\\/@delteh\",\"https:\\\/\\\/www.pinterest.com\\\/Delteh86\\\/\"]}]}<\/script>\n<!-- \/ Yoast SEO plugin. -->","yoast_head_json":{"title":"Dostava - Delteh.com","robots":{"index":"noindex","follow":"nofollow"},"og_locale":"sl_SI","og_type":"article","og_title":"Dostava - Delteh.com","og_url":"https:\/\/delteh.com\/sl\/dostava\/","og_site_name":"Delteh.com","article_publisher":"https:\/\/www.facebook.com\/people\/Delteh\/100063964302455\/","article_modified_time":"2026-03-01T10:25:02+00:00","twitter_card":"summary_large_image","twitter_misc":{"Est. reading time":"1 minuta"},"schema":{"@context":"https:\/\/schema.org","@graph":[{"@type":"WebPage","@id":"https:\/\/delteh.com\/sl\/dostava\/","url":"https:\/\/delteh.com\/sl\/dostava\/","name":"Dostava - Delteh.com","isPartOf":{"@id":"https:\/\/delteh.com\/sl\/#website"},"datePublished":"2024-06-28T09:09:00+00:00","dateModified":"2026-03-01T10:25:02+00:00","breadcrumb":{"@id":"https:\/\/delteh.com\/sl\/dostava\/#breadcrumb"},"inLanguage":"sl-SI","potentialAction":[{"@type":"ReadAction","target":["https:\/\/delteh.com\/sl\/dostava\/"]}]},{"@type":"BreadcrumbList","@id":"https:\/\/delteh.com\/sl\/dostava\/#breadcrumb","itemListElement":[{"@type":"ListItem","position":1,"name":"Home","item":"https:\/\/delteh.com\/sl\/"},{"@type":"ListItem","position":2,"name":"Dostava"}]},{"@type":"WebSite","@id":"https:\/\/delteh.com\/sl\/#website","url":"https:\/\/delteh.com\/sl\/","name":"DELTEH.COM","description":"","publisher":{"@id":"https:\/\/delteh.com\/sl\/#organization"},"potentialAction":[{"@type":"SearchAction","target":{"@type":"EntryPoint","urlTemplate":"https:\/\/delteh.com\/sl\/?s={search_term_string}"},"query-input":{"@type":"PropertyValueSpecification","valueRequired":true,"valueName":"search_term_string"}}],"inLanguage":"sl-SI"},{"@type":"Organization","@id":"https:\/\/delteh.com\/sl\/#organization","name":"DELTEH","url":"https:\/\/delteh.com\/sl\/","logo":{"@type":"ImageObject","inLanguage":"sl-SI","@id":"https:\/\/delteh.com\/sl\/#\/schema\/logo\/image\/","url":"https:\/\/delteh.com\/wp-content\/uploads\/2024\/10\/Delteh-logo-google-png.webp","contentUrl":"https:\/\/delteh.com\/wp-content\/uploads\/2024\/10\/Delteh-logo-google-png.webp","width":500,"height":500,"caption":"DELTEH"},"image":{"@id":"https:\/\/delteh.com\/sl\/#\/schema\/logo\/image\/"},"sameAs":["https:\/\/www.facebook.com\/people\/Delteh\/100063964302455\/","https:\/\/www.youtube.com\/@delteh","https:\/\/www.pinterest.com\/Delteh86\/"]}]}},"_links":{"self":[{"href":"https:\/\/delteh.com\/sl\/wp-json\/wp\/v2\/pages\/159","targetHints":{"allow":["GET"]}}],"collection":[{"href":"https:\/\/delteh.com\/sl\/wp-json\/wp\/v2\/pages"}],"about":[{"href":"https:\/\/delteh.com\/sl\/wp-json\/wp\/v2\/types\/page"}],"author":[{"embeddable":true,"href":"https:\/\/delteh.com\/sl\/wp-json\/wp\/v2\/users\/1"}],"replies":[{"embeddable":true,"href":"https:\/\/delteh.com\/sl\/wp-json\/wp\/v2\/comments?post=159"}],"version-history":[{"count":5,"href":"https:\/\/delteh.com\/sl\/wp-json\/wp\/v2\/pages\/159\/revisions"}],"predecessor-version":[{"id":381,"href":"https:\/\/delteh.com\/sl\/wp-json\/wp\/v2\/pages\/159\/revisions\/381"}],"wp:attachment":[{"href":"https:\/\/delteh.com\/sl\/wp-json\/wp\/v2\/media?parent=159"}],"curies":[{"name":"wp","href":"https:\/\/api.w.org\/{rel}","templated":true}]}}