{"id":167,"date":"2024-06-28T11:09:00","date_gmt":"2024-06-28T09:09:00","guid":{"rendered":"https:\/\/delteh.com\/?page_id=167"},"modified":"2026-02-25T14:54:10","modified_gmt":"2026-02-25T13:54:10","slug":"nacini-placila","status":"publish","type":"page","link":"https:\/\/delteh.com\/sl\/nacini-placila\/","title":{"rendered":"Na\u010dini pla\u010dila"},"content":{"rendered":"\n\t<section class=\"section\" id=\"section_739547006\">\n\t\t<div class=\"section-bg fill\" >\n\t\t\t\t\t\t\t\t\t\n\t\t\t\n\t<div class=\"is-border\"\n\t\tstyle=\"border-color:rgb(255, 153, 0);border-width:8px 0px 0px 0px;\">\n\t<\/div>\n\n\t\t<\/div>\n\n\t\t\n\n\t\t<div class=\"section-content relative\">\n\t\t\t\n  <div id=\"page-header-160305504\" class=\"page-header-wrapper\">\n  <div class=\"page-title dark featured-title\">\n\n    \n    <div class=\"page-title-inner container align-center flex-row medium-flex-wrap\" >\n              <div class=\"title-wrapper flex-col text-left medium-text-center\">\n          <h1 class=\"entry-title mb-0\">\n            Na\u010dini pla\u010dila          <\/h1>\n        <\/div>\n                    <div class=\"title-content flex-col flex-right text-right medium-text-center\">\n        <div class=\"title-breadcrumbs pb-half pt-half\"><nav class=\"woocommerce-breadcrumb breadcrumbs uppercase\" aria-label=\"Breadcrumb\">Domov<\/nav><\/div>      <\/div>\n    <\/div>\n\n       <\/div>\n    <\/div>\n  \n\t\t<\/div>\n\n\t\t\n<style>\n#section_739547006 {\n  padding-top: 8px;\n  padding-bottom: 8px;\n  background-color: rgb(39, 54, 71);\n}\n<\/style>\n\t<\/section>\n\t\n\n\t<section class=\"section\" id=\"section_1569424314\">\n\t\t<div class=\"section-bg fill\" >\n\t\t\t\t\t\t\t\t\t\n\t\t\t\n\n\t\t<\/div>\n\n\t\t\n\n\t\t<div class=\"section-content relative\">\n\t\t\t\n<div class=\"row\"  id=\"row-464336793\">\n\n\t<div id=\"col-1134913061\" class=\"col small-12 large-12\"  >\n\t\t\t\t<div class=\"col-inner\"  >\n\t\t\t\n\t\t\t\n<h1>Na\u010dini pla\u010dila<\/h1>\n<p>V na\u0161i spletni trgovini delteh.com omogo\u010damo naslednje na\u010dine pla\u010dila:<\/p>\n<ul>\n<li>Neposredna ban\u010dna transakcija (ne vsebuje dodatnih stro\u0161kov transakcije),<\/li>\n<li>pla\u010dilo preko PayPal ra\u010duna (vsebuje stro\u0161ke, ki so prikazani v zaklju\u010dku nakupa).<\/li>\n<\/ul>\n\t\t<\/div>\n\t\t\t\t\t<\/div>\n\n\t\n<\/div>\n\t\t<\/div>\n\n\t\t\n<style>\n#section_1569424314 {\n  padding-top: 30px;\n  padding-bottom: 30px;\n}\n<\/style>\n\t<\/section>\n\t\n","protected":false},"excerpt":{"rendered":"","protected":false},"author":1,"featured_media":0,"parent":0,"menu_order":0,"comment_status":"closed","ping_status":"closed","template":"","meta":{"footnotes":""},"class_list":["post-167","page","type-page","status-publish","hentry"],"yoast_head":"<!-- This site is optimized with the Yoast SEO plugin v27.3 - https:\/\/yoast.com\/product\/yoast-seo-wordpress\/ -->\n<title>Na\u010dini pla\u010dila - Delteh.com<\/title>\n<meta name=\"robots\" content=\"noindex, nofollow\" \/>\n<meta property=\"og:locale\" content=\"sl_SI\" \/>\n<meta property=\"og:type\" content=\"article\" \/>\n<meta property=\"og:title\" content=\"Na\u010dini pla\u010dila - Delteh.com\" \/>\n<meta property=\"og:url\" content=\"https:\/\/delteh.com\/sl\/nacini-placila\/\" \/>\n<meta property=\"og:site_name\" content=\"Delteh.com\" \/>\n<meta property=\"article:publisher\" content=\"https:\/\/www.facebook.com\/people\/Delteh\/100063964302455\/\" \/>\n<meta property=\"article:modified_time\" content=\"2026-02-25T13:54:10+00:00\" \/>\n<meta name=\"twitter:card\" content=\"summary_large_image\" \/>\n<meta name=\"twitter:label1\" content=\"Est. reading time\" \/>\n\t<meta name=\"twitter:data1\" content=\"1 minuta\" \/>\n<script type=\"application\/ld+json\" class=\"yoast-schema-graph\">{\"@context\":\"https:\\\/\\\/schema.org\",\"@graph\":[{\"@type\":\"WebPage\",\"@id\":\"https:\\\/\\\/delteh.com\\\/sl\\\/nacini-placila\\\/\",\"url\":\"https:\\\/\\\/delteh.com\\\/sl\\\/nacini-placila\\\/\",\"name\":\"Na\u010dini pla\u010dila - Delteh.com\",\"isPartOf\":{\"@id\":\"https:\\\/\\\/delteh.com\\\/sl\\\/#website\"},\"datePublished\":\"2024-06-28T09:09:00+00:00\",\"dateModified\":\"2026-02-25T13:54:10+00:00\",\"breadcrumb\":{\"@id\":\"https:\\\/\\\/delteh.com\\\/sl\\\/nacini-placila\\\/#breadcrumb\"},\"inLanguage\":\"sl-SI\",\"potentialAction\":[{\"@type\":\"ReadAction\",\"target\":[\"https:\\\/\\\/delteh.com\\\/sl\\\/nacini-placila\\\/\"]}]},{\"@type\":\"BreadcrumbList\",\"@id\":\"https:\\\/\\\/delteh.com\\\/sl\\\/nacini-placila\\\/#breadcrumb\",\"itemListElement\":[{\"@type\":\"ListItem\",\"position\":1,\"name\":\"Home\",\"item\":\"https:\\\/\\\/delteh.com\\\/sl\\\/\"},{\"@type\":\"ListItem\",\"position\":2,\"name\":\"Na\u010dini pla\u010dila\"}]},{\"@type\":\"WebSite\",\"@id\":\"https:\\\/\\\/delteh.com\\\/sl\\\/#website\",\"url\":\"https:\\\/\\\/delteh.com\\\/sl\\\/\",\"name\":\"DELTEH.COM\",\"description\":\"\",\"publisher\":{\"@id\":\"https:\\\/\\\/delteh.com\\\/sl\\\/#organization\"},\"potentialAction\":[{\"@type\":\"SearchAction\",\"target\":{\"@type\":\"EntryPoint\",\"urlTemplate\":\"https:\\\/\\\/delteh.com\\\/sl\\\/?s={search_term_string}\"},\"query-input\":{\"@type\":\"PropertyValueSpecification\",\"valueRequired\":true,\"valueName\":\"search_term_string\"}}],\"inLanguage\":\"sl-SI\"},{\"@type\":\"Organization\",\"@id\":\"https:\\\/\\\/delteh.com\\\/sl\\\/#organization\",\"name\":\"DELTEH\",\"url\":\"https:\\\/\\\/delteh.com\\\/sl\\\/\",\"logo\":{\"@type\":\"ImageObject\",\"inLanguage\":\"sl-SI\",\"@id\":\"https:\\\/\\\/delteh.com\\\/sl\\\/#\\\/schema\\\/logo\\\/image\\\/\",\"url\":\"https:\\\/\\\/delteh.com\\\/wp-content\\\/uploads\\\/2024\\\/10\\\/Delteh-logo-google-png.webp\",\"contentUrl\":\"https:\\\/\\\/delteh.com\\\/wp-content\\\/uploads\\\/2024\\\/10\\\/Delteh-logo-google-png.webp\",\"width\":500,\"height\":500,\"caption\":\"DELTEH\"},\"image\":{\"@id\":\"https:\\\/\\\/delteh.com\\\/sl\\\/#\\\/schema\\\/logo\\\/image\\\/\"},\"sameAs\":[\"https:\\\/\\\/www.facebook.com\\\/people\\\/Delteh\\\/100063964302455\\\/\",\"https:\\\/\\\/www.youtube.com\\\/@delteh\",\"https:\\\/\\\/www.pinterest.com\\\/Delteh86\\\/\"]}]}<\/script>\n<!-- \/ Yoast SEO plugin. -->","yoast_head_json":{"title":"Na\u010dini pla\u010dila - Delteh.com","robots":{"index":"noindex","follow":"nofollow"},"og_locale":"sl_SI","og_type":"article","og_title":"Na\u010dini pla\u010dila - Delteh.com","og_url":"https:\/\/delteh.com\/sl\/nacini-placila\/","og_site_name":"Delteh.com","article_publisher":"https:\/\/www.facebook.com\/people\/Delteh\/100063964302455\/","article_modified_time":"2026-02-25T13:54:10+00:00","twitter_card":"summary_large_image","twitter_misc":{"Est. reading time":"1 minuta"},"schema":{"@context":"https:\/\/schema.org","@graph":[{"@type":"WebPage","@id":"https:\/\/delteh.com\/sl\/nacini-placila\/","url":"https:\/\/delteh.com\/sl\/nacini-placila\/","name":"Na\u010dini pla\u010dila - Delteh.com","isPartOf":{"@id":"https:\/\/delteh.com\/sl\/#website"},"datePublished":"2024-06-28T09:09:00+00:00","dateModified":"2026-02-25T13:54:10+00:00","breadcrumb":{"@id":"https:\/\/delteh.com\/sl\/nacini-placila\/#breadcrumb"},"inLanguage":"sl-SI","potentialAction":[{"@type":"ReadAction","target":["https:\/\/delteh.com\/sl\/nacini-placila\/"]}]},{"@type":"BreadcrumbList","@id":"https:\/\/delteh.com\/sl\/nacini-placila\/#breadcrumb","itemListElement":[{"@type":"ListItem","position":1,"name":"Home","item":"https:\/\/delteh.com\/sl\/"},{"@type":"ListItem","position":2,"name":"Na\u010dini pla\u010dila"}]},{"@type":"WebSite","@id":"https:\/\/delteh.com\/sl\/#website","url":"https:\/\/delteh.com\/sl\/","name":"DELTEH.COM","description":"","publisher":{"@id":"https:\/\/delteh.com\/sl\/#organization"},"potentialAction":[{"@type":"SearchAction","target":{"@type":"EntryPoint","urlTemplate":"https:\/\/delteh.com\/sl\/?s={search_term_string}"},"query-input":{"@type":"PropertyValueSpecification","valueRequired":true,"valueName":"search_term_string"}}],"inLanguage":"sl-SI"},{"@type":"Organization","@id":"https:\/\/delteh.com\/sl\/#organization","name":"DELTEH","url":"https:\/\/delteh.com\/sl\/","logo":{"@type":"ImageObject","inLanguage":"sl-SI","@id":"https:\/\/delteh.com\/sl\/#\/schema\/logo\/image\/","url":"https:\/\/delteh.com\/wp-content\/uploads\/2024\/10\/Delteh-logo-google-png.webp","contentUrl":"https:\/\/delteh.com\/wp-content\/uploads\/2024\/10\/Delteh-logo-google-png.webp","width":500,"height":500,"caption":"DELTEH"},"image":{"@id":"https:\/\/delteh.com\/sl\/#\/schema\/logo\/image\/"},"sameAs":["https:\/\/www.facebook.com\/people\/Delteh\/100063964302455\/","https:\/\/www.youtube.com\/@delteh","https:\/\/www.pinterest.com\/Delteh86\/"]}]}},"_links":{"self":[{"href":"https:\/\/delteh.com\/sl\/wp-json\/wp\/v2\/pages\/167","targetHints":{"allow":["GET"]}}],"collection":[{"href":"https:\/\/delteh.com\/sl\/wp-json\/wp\/v2\/pages"}],"about":[{"href":"https:\/\/delteh.com\/sl\/wp-json\/wp\/v2\/types\/page"}],"author":[{"embeddable":true,"href":"https:\/\/delteh.com\/sl\/wp-json\/wp\/v2\/users\/1"}],"replies":[{"embeddable":true,"href":"https:\/\/delteh.com\/sl\/wp-json\/wp\/v2\/comments?post=167"}],"version-history":[{"count":4,"href":"https:\/\/delteh.com\/sl\/wp-json\/wp\/v2\/pages\/167\/revisions"}],"predecessor-version":[{"id":391,"href":"https:\/\/delteh.com\/sl\/wp-json\/wp\/v2\/pages\/167\/revisions\/391"}],"wp:attachment":[{"href":"https:\/\/delteh.com\/sl\/wp-json\/wp\/v2\/media?parent=167"}],"curies":[{"name":"wp","href":"https:\/\/api.w.org\/{rel}","templated":true}]}}