{"id":169,"date":"2024-06-28T11:09:00","date_gmt":"2024-06-28T09:09:00","guid":{"rendered":"https:\/\/delteh.com\/?page_id=169"},"modified":"2026-02-25T18:07:02","modified_gmt":"2026-02-25T17:07:02","slug":"pogoji-poslovanja","status":"publish","type":"page","link":"https:\/\/delteh.com\/sl\/politika-zasebnosti\/","title":{"rendered":"Politika zasebnosti"},"content":{"rendered":"\n\t<section class=\"section\" id=\"section_660668407\">\n\t\t<div class=\"section-bg fill\" >\n\t\t\t\t\t\t\t\t\t\n\t\t\t\n\t<div class=\"is-border\"\n\t\tstyle=\"border-color:rgb(255, 153, 0);border-width:8px 0px 0px 0px;\">\n\t<\/div>\n\n\t\t<\/div>\n\n\t\t\n\n\t\t<div class=\"section-content relative\">\n\t\t\t\n  <div id=\"page-header-1940530360\" class=\"page-header-wrapper\">\n  <div class=\"page-title dark featured-title\">\n\n    \n    <div class=\"page-title-inner container align-center flex-row medium-flex-wrap\" >\n              <div class=\"title-wrapper flex-col text-left medium-text-center\">\n          <h1 class=\"entry-title mb-0\">\n            Politika zasebnosti          <\/h1>\n        <\/div>\n                    <div class=\"title-content flex-col flex-right text-right medium-text-center\">\n        <div class=\"title-breadcrumbs pb-half pt-half\"><nav class=\"woocommerce-breadcrumb breadcrumbs uppercase\" aria-label=\"Breadcrumb\">Domov<\/nav><\/div>      <\/div>\n    <\/div>\n\n       <\/div>\n    <\/div>\n  \n\t\t<\/div>\n\n\t\t\n<style>\n#section_660668407 {\n  padding-top: 8px;\n  padding-bottom: 8px;\n  background-color: rgb(39, 54, 71);\n}\n<\/style>\n\t<\/section>\n\t\n\n\t<section class=\"section\" id=\"section_1075052454\">\n\t\t<div class=\"section-bg fill\" >\n\t\t\t\t\t\t\t\t\t\n\t\t\t\n\n\t\t<\/div>\n\n\t\t\n\n\t\t<div class=\"section-content relative\">\n\t\t\t\n<div class=\"row\"  id=\"row-347832944\">\n\n\t<div id=\"col-1180095708\" class=\"col small-12 large-12\"  >\n\t\t\t\t<div class=\"col-inner\"  >\n\t\t\t\n\t\t\t\n<h1 data-path-to-node=\"3\">Politika zasebnosti<\/h1>\n<p data-path-to-node=\"4\">Podjetje <b data-path-to-node=\"4\" data-index-in-node=\"9\">KRDR d.o.o.<\/b>, ki je lastnik in upravljavec spletne trgovine <b data-path-to-node=\"4\" data-index-in-node=\"68\">delteh.com<\/b> (v nadaljevanju kot upravljavec ali kot \u00bbmi\u00ab), se zavezuje k trajnemu varovanju vseh osebnih podatkov uporabnika v skladu z <b data-path-to-node=\"4\" data-index-in-node=\"203\">ZVOP-2<\/b> in Uredbo (EU) 2016\/679 (Splo\u0161na uredba o varstvu podatkov \u2013 GDPR). V nadaljevanju so navedene informacije, katere osebne podatke obdelujemo, \u0161e posebej o na\u0161ih obiskovalcih in \u010dlanih spletne trgovine, za kak\u0161ne namene jih obdelujemo, koliko \u010dasa jih obdelujemo in komu jih posredujemo ter kak\u0161ne so va\u0161e pravice z obdelavo va\u0161ih osebnih podatkov.<\/p>\n<h3 data-path-to-node=\"5\">Podatki o upravljavcu osebnih podatkov<\/h3>\n<p data-path-to-node=\"6\"><b data-path-to-node=\"6\" data-index-in-node=\"0\">KRDR d.o.o.<\/b>, Neverke 52, 6256 Ko\u0161ana, Slovenija (EU)<\/p>\n<p data-path-to-node=\"7\"><b data-path-to-node=\"7\" data-index-in-node=\"0\">Mati\u010dna \u0161tevilka:<\/b> 6909787; <b data-path-to-node=\"7\" data-index-in-node=\"27\">Dav\u010dna \u0161tevilka:<\/b> SI42902029<\/p>\n<p data-path-to-node=\"8\"><b data-path-to-node=\"8\" data-index-in-node=\"0\">Email:<\/b> info@delteh.com<\/p>\n<h3 data-path-to-node=\"9\">Katere osebne podatke obdelujemo?<\/h3>\n<p data-path-to-node=\"10\">V na\u0161i spletni trgovini <b data-path-to-node=\"10\" data-index-in-node=\"24\">delteh.com<\/b> obdelujemo naslednje podatke:<\/p>\n<ul data-path-to-node=\"11\">\n<li>\n<p data-path-to-node=\"11,0,0\">ime in priimek;<\/p>\n<\/li>\n<li>\n<p data-path-to-node=\"11,1,0\">naslove za dostavo;<\/p>\n<\/li>\n<li>\n<p data-path-to-node=\"11,2,0\">firmo oz. naziv pravne osebe (\u010de je uporabnik pravna oseba);<\/p>\n<\/li>\n<li>\n<p data-path-to-node=\"11,3,0\">dav\u010dno \u0161tevilko pravne osebe (\u010de je uporabnik pravna oseba);<\/p>\n<\/li>\n<li>\n<p data-path-to-node=\"11,4,0\">naslov elektronske po\u0161te (uporabni\u0161ko ime);<\/p>\n<\/li>\n<li>\n<p data-path-to-node=\"11,5,0\">geslo v \u0161ifrirani obliki;<\/p>\n<\/li>\n<li>\n<p data-path-to-node=\"11,6,0\">kontaktno telefonsko \u0161tevilko;<\/p>\n<\/li>\n<li>\n<p data-path-to-node=\"11,7,0\">dr\u017eavo bivanja;<\/p>\n<\/li>\n<li>\n<p data-path-to-node=\"11,8,0\">IP naslove;<\/p>\n<\/li>\n<li>\n<p data-path-to-node=\"11,9,0\">seznam pi\u0161kotkov;<\/p>\n<\/li>\n<li>\n<p data-path-to-node=\"11,10,0\">druge podatke, ki jih uporabnik prostovoljno vnese v obrazce v spletni trgovini;<\/p>\n<\/li>\n<li>\n<p data-path-to-node=\"11,11,0\">druge podatke, ki jih uporabnik prostovoljno doda naknadno v svojem profilu.<\/p>\n<\/li>\n<\/ul>\n<p data-path-to-node=\"12\">Za pravilnost, popolnost in a\u017eurnost podatkov, ki jih vnesejo uporabniki, prodajalec ne odgovarja.<\/p>\n<h3 data-path-to-node=\"13\">Namen obdelave osebnih podatkov<\/h3>\n<p data-path-to-node=\"14\">Va\u0161e osebne podatke obdelujemo za razli\u010dne namene:<\/p>\n<p data-path-to-node=\"15\"><b data-path-to-node=\"15\" data-index-in-node=\"0\">\u010ce ste obiskovalec na\u0161e spletne trgovine delteh.com<\/b> Se v va\u0161 brskalnik shranijo pi\u0161kotki (obvezni pi\u0161kotki), kateri so potrebni za pravilno delovanje spletne trgovine in bolj\u0161o uporabni\u0161ko izku\u0161njo. Ti pi\u0161kotki si zapomnijo, katere artikle ste dodali v ko\u0161arico ali na seznam \u017eelja in podatke, ki ste jih vnesli v obrazce. Poleg obveznih pi\u0161kotkov se ob va\u0161em obisku v va\u0161 brskalnik shranijo tudi analiti\u010dni, ogla\u0161evalski in pi\u0161kotki dru\u017ebenih omre\u017eij. Te pi\u0161kotke potrdite ob prvem obisku na\u0161e spletne trgovine, lahko pa jih kadar koli prekli\u010dete v nastavitvah <b data-path-to-node=\"15\" data-index-in-node=\"562\">[TUKAJ]<\/b>.<\/p>\n<p data-path-to-node=\"16\"><b data-path-to-node=\"16\" data-index-in-node=\"0\">\u010ce v na\u0161i spletni trgovini opravite nakup \/ naro\u010dilo<\/b> Vsak obiskovalec lahko v na\u0161i spletni trgovini opravi nakup tako, da se v zaklju\u010dku nakupa strinja s pogoji poslovanja in pogoji varovanja osebnih podatkov ter postane kupec. Kupec je za izvedbo naro\u010dila dol\u017ean posredovati naslednje osebne podatke:<\/p>\n<ul data-path-to-node=\"17\">\n<li>\n<p data-path-to-node=\"17,0,0\">ime in priimek,<\/p>\n<\/li>\n<li>\n<p data-path-to-node=\"17,1,0\">naziv in ID za DDV, \u010de je kupec pravna oseba,<\/p>\n<\/li>\n<li>\n<p data-path-to-node=\"17,2,0\">naslov kupca in naslov za dostavo, \u010de je dostava na drug naslov,<\/p>\n<\/li>\n<li>\n<p data-path-to-node=\"17,3,0\">kontaktni podatki, kot so elektronski naslov in telefonska \u0161tevilka kupca,<\/p>\n<\/li>\n<li>\n<p data-path-to-node=\"17,4,0\">podatke o pla\u010dilu (PayPal, pla\u010dilne kartice),<\/p>\n<\/li>\n<li>\n<p data-path-to-node=\"17,5,0\">druge neobvezne opombe, vezane na naro\u010dilo.<\/p>\n<\/li>\n<\/ul>\n<p data-path-to-node=\"18\">Va\u0161ih podatkov ne bomo posredovali nikomur in jih bomo obdelovali izklju\u010dno za izvedbo naro\u010dila, na katerega se navezujejo obve\u0161\u010danje o povezavi z naro\u010dilom, izdaja ra\u010duna in dostava preko dostavne slu\u017ebe, ki je tudi na\u0161 pogodbeni obdelovalec osebnih podatkov.<\/p>\n<p data-path-to-node=\"19\"><b data-path-to-node=\"19\" data-index-in-node=\"0\">\u010ce se med postopkom nakupa registrirate<\/b> Obiskovalec lahko postane \u010dlan tako, da registracijo opravi med postopkom naro\u010dila tako, da pod obrazcem s kontaktnimi podatki obkljuka okence \u2013 <b data-path-to-node=\"19\" data-index-in-node=\"185\">ustvari ra\u010dun<\/b>. Ob registraciji pridobi uporabni\u0161ko ime (e-naslov) in geslo. Uporabni\u0161ko ime in geslo \u010dlana omogo\u010data dostop do vnesenih osebnih podatkov in zgodovine naro\u010dil. \u010clan lahko kadar koli svoje podatke spremeni. V kolikor pozabi geslo, lahko pridobi novo na strani: <b data-path-to-node=\"19\" data-index-in-node=\"460\"><a class=\"ng-star-inserted\" href=\"https:\/\/www.google.com\/search?q=https:\/\/delteh.com\/moj-racun\/lost-password\/\" target=\"_blank\" rel=\"noopener\" data-hveid=\"0\" data-ved=\"0CAAQ_4QMahgKEwjEgeHMrfSSAxUAAAAAHQAAAAAQ7wI\">https:\/\/delteh.com\/moj-racun\/lost-password\/<\/a><\/b>.<\/p>\n<p data-path-to-node=\"20\"><b data-path-to-node=\"20\" data-index-in-node=\"0\">\u010ce se prijavite na E-novice<\/b> Podate soglasje, da va\u0161 elektronski naslov uporabimo izklju\u010dno za lastne ogla\u0161evalske namene. Soglasje lahko kadar koli prekli\u010dete z klikom na odjava ali nam pi\u0161ete na <b data-path-to-node=\"20\" data-index-in-node=\"196\">info@delteh.com<\/b>.<\/p>\n<p data-path-to-node=\"21\"><b data-path-to-node=\"21\" data-index-in-node=\"0\">Kontakt preko obrazca, e-po\u0161te ali telefona<\/b> Podatke bomo uporabili izklju\u010dno za namen komunikacije z vami.<\/p>\n<h3 data-path-to-node=\"22\">Obdelovalci podatkov<\/h3>\n<p data-path-to-node=\"23\">Va\u0161e podatke posredujemo pogodbenim obdelovalcem, ki so vezani na naro\u010dilo:<\/p>\n<ul data-path-to-node=\"24\">\n<li>\n<p data-path-to-node=\"24,0,0\"><b data-path-to-node=\"24,0,0\" data-index-in-node=\"0\">Delavska hranilnica d.d. in PayPal<\/b> (pla\u010dilni sistemi),<\/p>\n<\/li>\n<li>\n<p data-path-to-node=\"24,1,0\"><b data-path-to-node=\"24,1,0\" data-index-in-node=\"0\">Metakocka d.o.o.<\/b> (izdaja ra\u010duna),<\/p>\n<\/li>\n<li>\n<p data-path-to-node=\"24,2,0\"><b data-path-to-node=\"24,2,0\" data-index-in-node=\"0\">Po\u0161ta Slovenije (EMS), GLS, DPD, FedEx<\/b> in druge dostavne slu\u017ebe.<\/p>\n<\/li>\n<\/ul>\n<p data-path-to-node=\"25\">Za po\u0161iljanje E-novic uporabljamo <b data-path-to-node=\"25\" data-index-in-node=\"34\">MailChimp<\/b>. Za analitiko in oglase pa:<\/p>\n<ul data-path-to-node=\"26\">\n<li>\n<p data-path-to-node=\"26,0,0\"><b data-path-to-node=\"26,0,0\" data-index-in-node=\"0\">Google Ireland Limited<\/b> \u2013 <a class=\"ng-star-inserted\" href=\"https:\/\/policies.google.com\/technologies\/ads\" target=\"_blank\" rel=\"noopener\" data-hveid=\"0\" data-ved=\"0CAAQ_4QMahgKEwjEgeHMrfSSAxUAAAAAHQAAAAAQ8AI\">https:\/\/policies.google.com\/technologies\/ads<\/a><\/p>\n<\/li>\n<li>\n<p data-path-to-node=\"26,1,0\"><b data-path-to-node=\"26,1,0\" data-index-in-node=\"0\">Facebook Ireland Limited<\/b> \u2013 <a class=\"ng-star-inserted\" href=\"https:\/\/facebook.com\/about\/privacy\" target=\"_blank\" rel=\"noopener\" data-hveid=\"0\" data-ved=\"0CAAQ_4QMahgKEwjEgeHMrfSSAxUAAAAAHQAAAAAQ8QI\">https:\/\/facebook.com\/about\/privacy<\/a><\/p>\n<\/li>\n<\/ul>\n<h3 data-path-to-node=\"27\">\u010cas hrambe podatkov<\/h3>\n<p data-path-to-node=\"28\">Podatke hranimo le toliko \u010dasa, kot je potrebno za izpolnitev namena. Ra\u010dunovodski in dav\u010dni podatki se hranijo <b data-path-to-node=\"28\" data-index-in-node=\"112\">10 let<\/b>.<\/p>\n<h3 data-path-to-node=\"29\">Pravice posameznika<\/h3>\n<p data-path-to-node=\"30\">Vsak posameznik ima pravico do:<\/p>\n<ul data-path-to-node=\"31\">\n<li>\n<p data-path-to-node=\"31,0,0\"><b data-path-to-node=\"31,0,0\" data-index-in-node=\"0\">Seznanitve, popravka in izbrisa<\/b> (razen pri zakonskih obveznostih).<\/p>\n<\/li>\n<li>\n<p data-path-to-node=\"31,1,0\"><b data-path-to-node=\"31,1,0\" data-index-in-node=\"0\">Omejitve obdelave in prenosljivosti podatkov.<\/b><\/p>\n<\/li>\n<li>\n<p data-path-to-node=\"31,2,0\"><b data-path-to-node=\"31,2,0\" data-index-in-node=\"0\">Ugovora proti obdelavi<\/b> (zlasti pri neposrednem tr\u017eenju).<\/p>\n<\/li>\n<li>\n<p data-path-to-node=\"31,3,0\"><b data-path-to-node=\"31,3,0\" data-index-in-node=\"0\">Prito\u017ebe<\/b> pri nadzornem organu (Informacijski poobla\u0161\u010denec RS).<\/p>\n<\/li>\n<\/ul>\n<h3 data-path-to-node=\"32\">Uveljavljanje posameznikovih pravic<\/h3>\n<p data-path-to-node=\"33\">Svoje pravice uveljavljate preko obrazcev, ki so dostopni <b data-path-to-node=\"33\" data-index-in-node=\"58\">[TUKAJ]<\/b>. Za dodatne informacije smo vam dosegljivi na <b data-path-to-node=\"33\" data-index-in-node=\"112\">info@delteh.com<\/b>.<\/p>\n<h3 data-path-to-node=\"34\">Spremembe politike zasebnosti in privolitev<\/h3>\n<p data-path-to-node=\"35\">Z uporabo spletnega mesta <b data-path-to-node=\"35\" data-index-in-node=\"26\"><a class=\"ng-star-inserted\" href=\"https:\/\/delteh.com\" target=\"_blank\" rel=\"noopener\" data-hveid=\"0\" data-ved=\"0CAAQ_4QMahgKEwjEgeHMrfSSAxUAAAAAHQAAAAAQ8gI\">https:\/\/delteh.com<\/a><\/b> se uporabnik strinja s pogoji poslovanja in politiko varovanja podatkov.<\/p>\n<p data-path-to-node=\"36\"><b data-path-to-node=\"36\" data-index-in-node=\"0\">Posodobljeno: 1. avgust 2024<\/b><\/p>\n\t\t<\/div>\n\t\t\t\t\t<\/div>\n\n\t\n<\/div>\n\t\t<\/div>\n\n\t\t\n<style>\n#section_1075052454 {\n  padding-top: 30px;\n  padding-bottom: 30px;\n}\n<\/style>\n\t<\/section>\n\t\n","protected":false},"excerpt":{"rendered":"","protected":false},"author":1,"featured_media":0,"parent":0,"menu_order":0,"comment_status":"closed","ping_status":"closed","template":"","meta":{"footnotes":""},"class_list":["post-169","page","type-page","status-publish","hentry"],"yoast_head":"<!-- This site is optimized with the Yoast SEO plugin v27.3 - https:\/\/yoast.com\/product\/yoast-seo-wordpress\/ -->\n<title>Politika zasebnosti - Delteh.com<\/title>\n<meta name=\"robots\" content=\"noindex, nofollow\" \/>\n<meta property=\"og:locale\" content=\"sl_SI\" \/>\n<meta property=\"og:type\" content=\"article\" \/>\n<meta property=\"og:title\" content=\"Politika zasebnosti - Delteh.com\" \/>\n<meta property=\"og:url\" content=\"https:\/\/delteh.com\/sl\/politika-zasebnosti\/\" \/>\n<meta property=\"og:site_name\" content=\"Delteh.com\" \/>\n<meta property=\"article:publisher\" content=\"https:\/\/www.facebook.com\/people\/Delteh\/100063964302455\/\" \/>\n<meta property=\"article:modified_time\" content=\"2026-02-25T17:07:02+00:00\" \/>\n<meta name=\"twitter:card\" content=\"summary_large_image\" \/>\n<meta name=\"twitter:label1\" content=\"Est. reading time\" \/>\n\t<meta name=\"twitter:data1\" content=\"4 minute\" \/>\n<script type=\"application\/ld+json\" class=\"yoast-schema-graph\">{\"@context\":\"https:\\\/\\\/schema.org\",\"@graph\":[{\"@type\":\"WebPage\",\"@id\":\"https:\\\/\\\/delteh.com\\\/sl\\\/politika-zasebnosti\\\/\",\"url\":\"https:\\\/\\\/delteh.com\\\/sl\\\/politika-zasebnosti\\\/\",\"name\":\"Politika zasebnosti - Delteh.com\",\"isPartOf\":{\"@id\":\"https:\\\/\\\/delteh.com\\\/sl\\\/#website\"},\"datePublished\":\"2024-06-28T09:09:00+00:00\",\"dateModified\":\"2026-02-25T17:07:02+00:00\",\"breadcrumb\":{\"@id\":\"https:\\\/\\\/delteh.com\\\/sl\\\/politika-zasebnosti\\\/#breadcrumb\"},\"inLanguage\":\"sl-SI\",\"potentialAction\":[{\"@type\":\"ReadAction\",\"target\":[\"https:\\\/\\\/delteh.com\\\/sl\\\/politika-zasebnosti\\\/\"]}]},{\"@type\":\"BreadcrumbList\",\"@id\":\"https:\\\/\\\/delteh.com\\\/sl\\\/politika-zasebnosti\\\/#breadcrumb\",\"itemListElement\":[{\"@type\":\"ListItem\",\"position\":1,\"name\":\"Home\",\"item\":\"https:\\\/\\\/delteh.com\\\/sl\\\/\"},{\"@type\":\"ListItem\",\"position\":2,\"name\":\"Politika zasebnosti\"}]},{\"@type\":\"WebSite\",\"@id\":\"https:\\\/\\\/delteh.com\\\/sl\\\/#website\",\"url\":\"https:\\\/\\\/delteh.com\\\/sl\\\/\",\"name\":\"DELTEH.COM\",\"description\":\"\",\"publisher\":{\"@id\":\"https:\\\/\\\/delteh.com\\\/sl\\\/#organization\"},\"potentialAction\":[{\"@type\":\"SearchAction\",\"target\":{\"@type\":\"EntryPoint\",\"urlTemplate\":\"https:\\\/\\\/delteh.com\\\/sl\\\/?s={search_term_string}\"},\"query-input\":{\"@type\":\"PropertyValueSpecification\",\"valueRequired\":true,\"valueName\":\"search_term_string\"}}],\"inLanguage\":\"sl-SI\"},{\"@type\":\"Organization\",\"@id\":\"https:\\\/\\\/delteh.com\\\/sl\\\/#organization\",\"name\":\"DELTEH\",\"url\":\"https:\\\/\\\/delteh.com\\\/sl\\\/\",\"logo\":{\"@type\":\"ImageObject\",\"inLanguage\":\"sl-SI\",\"@id\":\"https:\\\/\\\/delteh.com\\\/sl\\\/#\\\/schema\\\/logo\\\/image\\\/\",\"url\":\"https:\\\/\\\/delteh.com\\\/wp-content\\\/uploads\\\/2024\\\/10\\\/Delteh-logo-google-png.webp\",\"contentUrl\":\"https:\\\/\\\/delteh.com\\\/wp-content\\\/uploads\\\/2024\\\/10\\\/Delteh-logo-google-png.webp\",\"width\":500,\"height\":500,\"caption\":\"DELTEH\"},\"image\":{\"@id\":\"https:\\\/\\\/delteh.com\\\/sl\\\/#\\\/schema\\\/logo\\\/image\\\/\"},\"sameAs\":[\"https:\\\/\\\/www.facebook.com\\\/people\\\/Delteh\\\/100063964302455\\\/\",\"https:\\\/\\\/www.youtube.com\\\/@delteh\",\"https:\\\/\\\/www.pinterest.com\\\/Delteh86\\\/\"]}]}<\/script>\n<!-- \/ Yoast SEO plugin. -->","yoast_head_json":{"title":"Politika zasebnosti - Delteh.com","robots":{"index":"noindex","follow":"nofollow"},"og_locale":"sl_SI","og_type":"article","og_title":"Politika zasebnosti - Delteh.com","og_url":"https:\/\/delteh.com\/sl\/politika-zasebnosti\/","og_site_name":"Delteh.com","article_publisher":"https:\/\/www.facebook.com\/people\/Delteh\/100063964302455\/","article_modified_time":"2026-02-25T17:07:02+00:00","twitter_card":"summary_large_image","twitter_misc":{"Est. reading time":"4 minute"},"schema":{"@context":"https:\/\/schema.org","@graph":[{"@type":"WebPage","@id":"https:\/\/delteh.com\/sl\/politika-zasebnosti\/","url":"https:\/\/delteh.com\/sl\/politika-zasebnosti\/","name":"Politika zasebnosti - Delteh.com","isPartOf":{"@id":"https:\/\/delteh.com\/sl\/#website"},"datePublished":"2024-06-28T09:09:00+00:00","dateModified":"2026-02-25T17:07:02+00:00","breadcrumb":{"@id":"https:\/\/delteh.com\/sl\/politika-zasebnosti\/#breadcrumb"},"inLanguage":"sl-SI","potentialAction":[{"@type":"ReadAction","target":["https:\/\/delteh.com\/sl\/politika-zasebnosti\/"]}]},{"@type":"BreadcrumbList","@id":"https:\/\/delteh.com\/sl\/politika-zasebnosti\/#breadcrumb","itemListElement":[{"@type":"ListItem","position":1,"name":"Home","item":"https:\/\/delteh.com\/sl\/"},{"@type":"ListItem","position":2,"name":"Politika zasebnosti"}]},{"@type":"WebSite","@id":"https:\/\/delteh.com\/sl\/#website","url":"https:\/\/delteh.com\/sl\/","name":"DELTEH.COM","description":"","publisher":{"@id":"https:\/\/delteh.com\/sl\/#organization"},"potentialAction":[{"@type":"SearchAction","target":{"@type":"EntryPoint","urlTemplate":"https:\/\/delteh.com\/sl\/?s={search_term_string}"},"query-input":{"@type":"PropertyValueSpecification","valueRequired":true,"valueName":"search_term_string"}}],"inLanguage":"sl-SI"},{"@type":"Organization","@id":"https:\/\/delteh.com\/sl\/#organization","name":"DELTEH","url":"https:\/\/delteh.com\/sl\/","logo":{"@type":"ImageObject","inLanguage":"sl-SI","@id":"https:\/\/delteh.com\/sl\/#\/schema\/logo\/image\/","url":"https:\/\/delteh.com\/wp-content\/uploads\/2024\/10\/Delteh-logo-google-png.webp","contentUrl":"https:\/\/delteh.com\/wp-content\/uploads\/2024\/10\/Delteh-logo-google-png.webp","width":500,"height":500,"caption":"DELTEH"},"image":{"@id":"https:\/\/delteh.com\/sl\/#\/schema\/logo\/image\/"},"sameAs":["https:\/\/www.facebook.com\/people\/Delteh\/100063964302455\/","https:\/\/www.youtube.com\/@delteh","https:\/\/www.pinterest.com\/Delteh86\/"]}]}},"_links":{"self":[{"href":"https:\/\/delteh.com\/sl\/wp-json\/wp\/v2\/pages\/169","targetHints":{"allow":["GET"]}}],"collection":[{"href":"https:\/\/delteh.com\/sl\/wp-json\/wp\/v2\/pages"}],"about":[{"href":"https:\/\/delteh.com\/sl\/wp-json\/wp\/v2\/types\/page"}],"author":[{"embeddable":true,"href":"https:\/\/delteh.com\/sl\/wp-json\/wp\/v2\/users\/1"}],"replies":[{"embeddable":true,"href":"https:\/\/delteh.com\/sl\/wp-json\/wp\/v2\/comments?post=169"}],"version-history":[{"count":9,"href":"https:\/\/delteh.com\/sl\/wp-json\/wp\/v2\/pages\/169\/revisions"}],"predecessor-version":[{"id":1109,"href":"https:\/\/delteh.com\/sl\/wp-json\/wp\/v2\/pages\/169\/revisions\/1109"}],"wp:attachment":[{"href":"https:\/\/delteh.com\/sl\/wp-json\/wp\/v2\/media?parent=169"}],"curies":[{"name":"wp","href":"https:\/\/api.w.org\/{rel}","templated":true}]}}