{"id":176,"date":"2024-06-28T11:09:00","date_gmt":"2024-06-28T09:09:00","guid":{"rendered":"https:\/\/delteh.com\/?page_id=176"},"modified":"2026-02-25T18:36:11","modified_gmt":"2026-02-25T17:36:11","slug":"splosni-pogoji-poslovanja","status":"publish","type":"page","link":"https:\/\/delteh.com\/sl\/splosni-pogoji-poslovanja\/","title":{"rendered":"Splo\u0161ni pogoji poslovanja"},"content":{"rendered":"\r\n\n\t<section class=\"section\" id=\"section_78978484\">\n\t\t<div class=\"section-bg fill\" >\n\t\t\t\t\t\t\t\t\t\n\t\t\t\n\t<div class=\"is-border\"\n\t\tstyle=\"border-color:rgb(255, 153, 0);border-width:8px 0px 0px 0px;\">\n\t<\/div>\n\n\t\t<\/div>\n\n\t\t\n\n\t\t<div class=\"section-content relative\">\n\t\t\t\r\n  <div id=\"page-header-90294856\" class=\"page-header-wrapper\">\n  <div class=\"page-title dark featured-title\">\n\n    \n    <div class=\"page-title-inner container align-center flex-row medium-flex-wrap\" >\n              <div class=\"title-wrapper flex-col text-left medium-text-center\">\n          <h1 class=\"entry-title mb-0\">\n            Splo\u0161ni pogoji poslovanja          <\/h1>\n        <\/div>\n                    <div class=\"title-content flex-col flex-right text-right medium-text-center\">\n        <div class=\"title-breadcrumbs pb-half pt-half\"><nav class=\"woocommerce-breadcrumb breadcrumbs uppercase\" aria-label=\"Breadcrumb\">Domov<\/nav><\/div>      <\/div>\n    <\/div>\n\n       <\/div>\n    <\/div>\n  \r\n\t\t<\/div>\n\n\t\t\n<style>\n#section_78978484 {\n  padding-top: 30px;\n  padding-bottom: 30px;\n  background-color: rgb(39, 54, 71);\n}\n<\/style>\n\t<\/section>\n\t\n\t<section class=\"section\" id=\"section_1458455723\">\n\t\t<div class=\"section-bg fill\" >\n\t\t\t\t\t\t\t\t\t\n\t\t\t\n\n\t\t<\/div>\n\n\t\t\n\n\t\t<div class=\"section-content relative\">\n\t\t\t\r\n<div class=\"row\"  id=\"row-1846463135\">\r\n\n\t<div id=\"col-1040676215\" class=\"col small-12 large-12\"  >\n\t\t\t\t<div class=\"col-inner\"  >\n\t\t\t\n\t\t\t\r\n<h1 data-path-to-node=\"6\">SPLO\u0160NI POGOJI POSLOVANJA<\/h1>\r\n<p data-path-to-node=\"7\">Splo\u0161ni pogoji poslovanja spletne trgovine <b data-path-to-node=\"7\" data-index-in-node=\"43\">delteh.com<\/b> (v nadaljevanju: spletna trgovina) so sestavljeni v skladu z <b data-path-to-node=\"7\" data-index-in-node=\"115\">Zakonom o varstvu potro\u0161nikov (ZVPot-1)<\/b>, <b data-path-to-node=\"7\" data-index-in-node=\"156\">Zakonom o varstvu osebnih podatkov (ZVOP-2)<\/b>, <b data-path-to-node=\"7\" data-index-in-node=\"201\">Zakonom o elektronskih komunikacijah (ZEKom-2)<\/b> in Splo\u0161no uredbo o varstvu podatkov (<b data-path-to-node=\"7\" data-index-in-node=\"286\">GDPR<\/b>).<\/p>\r\n<p data-path-to-node=\"8\">S spletno trgovino upravlja podjetje (v nadaljevanju: prodajalec): <b data-path-to-node=\"8\" data-index-in-node=\"67\">KRDR d.o.o.<\/b>, Neverke 52, 6256 Ko\u0161ana, Slovenija (EU) Mati\u010dna \u0161tevilka: 6909787 Dav\u010dna \u0161tevilka: SI42902029 Email: info@delteh.com<\/p>\r\n<p data-path-to-node=\"9\">Splo\u0161ni pogoji poslovanja dolo\u010dajo delovanje spletne trgovine, pravice in obveznosti uporabnika in spletne trgovine ter urejajo poslovni odnos med prodajalcem in kupcem. Kupca zavezujejo splo\u0161ni pogoji, ki so veljavni v trenutku oddaje spletnega naro\u010dila.<\/p>\r\n<h3 data-path-to-node=\"10\">VRSTE UPORABNIKOV<\/h3>\r\n<p data-path-to-node=\"11\">Z registracijo na spletni strani obiskovalec postane <b data-path-to-node=\"11\" data-index-in-node=\"53\">\u010dlan<\/b>. Obiskovalec, ki opravi nakup brez registracije, je <b data-path-to-node=\"11\" data-index-in-node=\"110\">gost<\/b>. Oba imata pravico do nakupa. \u010clan z registracijo pridobi dostop do zgodovine naro\u010dil in hitrej\u0161ega nakupa. \u010ce \u010dlan pozabi geslo, ga lahko ponastavi na povezavi: <a class=\"ng-star-inserted\" href=\"https:\/\/delteh.com\/sl\/moj-racun\/lost-password\/\" target=\"_blank\" rel=\"noopener\" data-hveid=\"0\" data-ved=\"0CAAQ_4QMahgKEwjEgeHMrfSSAxUAAAAAHQAAAAAQ1gM\">https:\/\/delteh.com\/sl\/moj-racun\/lost-password\/<\/a>.<\/p>\r\n<h3 data-path-to-node=\"6,0\">CENE IN OBRA\u010cUN DDV<\/h3>\r\n<p data-path-to-node=\"6,0\">Zaradi narave poslovanja prek spleta se ponudba in cene pogosto spreminjajo. Vse cene so navedene v <b data-path-to-node=\"6,0\" data-index-in-node=\"120\">EUR (evrih)<\/b>.<\/p>\r\n<ul data-path-to-node=\"6,1\">\r\n<li>\r\n<p data-path-to-node=\"6,1,0,0\"><b data-path-to-node=\"6,1,0,0\" data-index-in-node=\"0\">Prikaz cen:<\/b> Cene izdelkov so primarno prikazane kot <b data-path-to-node=\"6,1,0,0\" data-index-in-node=\"52\">bruto cene (z DDV)<\/b>.<\/p>\r\n<\/li>\r\n<li>\r\n<p data-path-to-node=\"6,1,1,0\"><b data-path-to-node=\"6,1,1,0\" data-index-in-node=\"0\">Stro\u0161ki dostave:<\/b> Cene NE vklju\u010dujejo stro\u0161kov dostave, ki so izra\u010dunani in prikazani v ko\u0161arici pred zaklju\u010dkom naro\u010dila.<\/p>\r\n<\/li>\r\n<li>\r\n<p data-path-to-node=\"6,1,2,0\"><b data-path-to-node=\"6,1,2,0\" data-index-in-node=\"0\">Obra\u010dun DDV (Davek na dodano vrednost):<\/b> Kon\u010dni izra\u010dun davka se izvede na blagajni in je odvisen od statusa kupca:<\/p>\r\n<ul data-path-to-node=\"6,1,2,1\">\r\n<li>\r\n<p data-path-to-node=\"6,1,2,1,0,0\"><strong>Kupcem iz Slovenije<\/strong> se obra\u010duna slovenski DDV (22 %). Pri \u010dezmejni prodaji blaga potro\u0161nikom v druge dr\u017eave \u010dlanice EU se slovenski DDV obra\u010duna do skupne letne vrednosti 10.000 EUR (brez DDV) za vse \u010dezmejne dobave znotraj EU. Po prese\u017eenem pragu se obra\u010duna DDV dr\u017eave kupca v skladu z veljavno zakonodajo EU (OSS sistem).<\/p>\r\n<\/li>\r\n<li>\r\n<p data-path-to-node=\"6,1,2,1,1,0\"><b data-path-to-node=\"6,1,2,1,1,0\" data-index-in-node=\"0\">Podjetja iz EU (B2B):<\/b> \u010ce podjetje vpi\u0161e veljavno dav\u010dno \u0161tevilko (vpisano v sistem VIES), se DDV ne obra\u010duna (0 % &#8211; obrnjena dav\u010dna obveznost \/ Reverse Charge).<\/p>\r\n<\/li>\r\n<li>\r\n<p data-path-to-node=\"6,1,2,1,2,0\"><b data-path-to-node=\"6,1,2,1,2,0\" data-index-in-node=\"0\">Kupci izven EU (tretje dr\u017eave):<\/b> DDV se ne obra\u010duna (izvoz blaga). Kupec je dol\u017ean poravnati morebitne uvozne dajatve v svoji dr\u017eavi.<\/p>\r\n<\/li>\r\n<\/ul>\r\n<\/li>\r\n<\/ul>\r\n<p data-path-to-node=\"6,2\">Kupoprodajna pogodba je sklenjena, ko kupec prejme elektronsko potrdilo o prejemu naro\u010dila.<\/p>\r\n<h3 data-path-to-node=\"15\">NA\u010cINI PLA\u010cILA<\/h3>\r\n<p data-path-to-node=\"16\">Prodajalec omogo\u010da naslednje na\u010dine pla\u010dila:<\/p>\r\n<ul data-path-to-node=\"17\">\r\n<li>\r\n<p data-path-to-node=\"17,0,0\">z nakazilom na TRR po ponudbi\/predra\u010dunu,<\/p>\r\n<\/li>\r\n<li>\r\n<p data-path-to-node=\"17,1,0\">s pla\u010dilom preko sistema PayPal ali s pla\u010dilnimi karticami.<\/p>\r\n<\/li>\r\n<\/ul>\r\n<p data-path-to-node=\"18\">Prodajalec kupcu po\u0161lje ra\u010dun v elektronski ali fizi\u010dni obliki ob dostavi blaga. <b data-path-to-node=\"18\" data-index-in-node=\"81\">Opozorilo za podjetja:<\/b> \u010ce \u017eelite ra\u010dun na podjetje, morate v postopku blagajne pravilno izpolniti polja (Naziv podjetja, Dav\u010dna \u0161tevilka). Kasnej\u0161ih popravkov ra\u010dunov ne upo\u0161tevamo.<\/p>\r\n<h3 data-path-to-node=\"19\">NAKUP ZA PRAVNE OSEBE<\/h3>\r\n<p data-path-to-node=\"20\">Postopek nakupa za pravne osebe je enak kot za fizi\u010dne osebe, le da je treba vnesti podatke o podjetju. <b data-path-to-node=\"20\" data-index-in-node=\"104\">Pomembna razlika:<\/b> Podjetja, samostojni podjetniki in druge pravne osebe <b data-path-to-node=\"20\" data-index-in-node=\"176\">nimajo mo\u017enosti odstopa od pogodbe<\/b> v 14 dneh brez razloga, kot to velja za potro\u0161nike (fizi\u010dne osebe). Vra\u010dilo blaga za pravne osebe je mo\u017eno le v primeru reklamacije zaradi stvarne napake ali garancije. Vra\u010dilo kupnine za pravne osebe praviloma ni mo\u017eno, razen v primerih, dolo\u010denih z veljavno zakonodajo.<\/p>\r\n<h3 data-path-to-node=\"21\">PRAVICA POTRO\u0160NIKA DO ODSTOPA OD POGODBE (Velja samo za fizi\u010dne osebe)<\/h3>\r\n<p data-path-to-node=\"22\">Potro\u0161nik (fizi\u010dna oseba) ima v skladu z ZVPot-1 pravico, da v <b data-path-to-node=\"22\" data-index-in-node=\"63\">14 dneh<\/b> od prevzema blaga prodajalcu sporo\u010di, da odstopa od pogodbe, ne da bi mu bilo treba navesti razlog za svojo odlo\u010ditev.<\/p>\r\n<ul data-path-to-node=\"23\">\r\n<li>\r\n<p data-path-to-node=\"23,0,0\">Rok se za\u010dne \u0161teti en dan po datumu prevzema.<\/p>\r\n<\/li>\r\n<li>\r\n<p data-path-to-node=\"23,1,0\">Odstop od pogodbe sporo\u010dite na e-naslov: <b data-path-to-node=\"23,1,0\" data-index-in-node=\"41\">info@delteh.com<\/b> ali preko obrazca, dostopnega <b data-path-to-node=\"23,1,0\" data-index-in-node=\"87\">[TUKAJ]<\/b>.<\/p>\r\n<\/li>\r\n<li>\r\n<p data-path-to-node=\"23,2,0\">Blago mora potro\u0161nik vrniti prodajalcu najkasneje v <b data-path-to-node=\"23,2,0\" data-index-in-node=\"52\">14 dneh<\/b> po sporo\u010dilu o odstopu.<\/p>\r\n<\/li>\r\n<li>\r\n<p data-path-to-node=\"23,3,0\">Blago mora biti vrnjeno nepo\u0161kodovano, v nespremenjeni koli\u010dini in v originalni embala\u017ei (\u010de je to mogo\u010de), razen \u010de je blago uni\u010deno brez krivde potro\u0161nika.<\/p>\r\n<\/li>\r\n<li>\r\n<p data-path-to-node=\"23,4,0\">Edini stro\u0161ek, ki bremeni potro\u0161nika v zvezi z odstopom od pogodbe, je <b data-path-to-node=\"23,4,0\" data-index-in-node=\"71\">stro\u0161ek vra\u010dila blaga<\/b> (po\u0161tnina). Po\u0161iljk z odkupnino ne sprejemamo.<\/p>\r\n<\/li>\r\n<li>\r\n<p data-path-to-node=\"23,5,0\">Prodajalec vrne prejeta pla\u010dila (vklju\u010dno s stro\u0161ki prvotne dostave) najkasneje v 14 dneh od prejema obvestila o odstopu. Prodajalec lahko zadr\u017ei vra\u010dilo do prejema vrnjenega blaga ali do prejema dokazila, da je potro\u0161nik blago poslal nazaj, kar nastopi prej.<\/p>\r\n<\/li>\r\n<\/ul>\r\n<h3 data-path-to-node=\"24\">GARANCIJA IN NESKLADNOST BLAGA (Prej &#8220;Stvarna napaka&#8221;)<\/h3>\r\n<p data-path-to-node=\"25\"><b data-path-to-node=\"25\" data-index-in-node=\"0\">Garancija:<\/b> Artikli imajo garancijo, \u010de je tako navedeno na garancijskem listu ali ra\u010dunu. Garancija je veljavna ob upo\u0161tevanju navodil in predlo\u017eitvi ra\u010duna.<\/p>\r\n<p data-path-to-node=\"26\"><b data-path-to-node=\"26\" data-index-in-node=\"0\">Neskladnost blaga (ZVPot-1):<\/b> Prodajalec odgovarja za neskladnosti blaga, ki obstajajo ob dobavi in se poka\u017eejo v dveh letih od dobave blaga. Potro\u0161nik mora prodajalca o neskladnosti obvestiti v roku dveh mesecev po njenem odkritju. Potro\u0161nik lahko zahteva:<\/p>\r\n<ol start=\"1\" data-path-to-node=\"27\">\r\n<li>\r\n<p data-path-to-node=\"27,0,0\">Brezpla\u010dno vzpostavitev skladnosti (popravilo ali zamenjava),<\/p>\r\n<\/li>\r\n<li>\r\n<p data-path-to-node=\"27,1,0\">Zni\u017eanje kupnine ali odstop od pogodbe (vra\u010dilo kupnine), \u010de napake ni mogo\u010de odpraviti ali je prodajalec ne odpravi v razumnem roku.<\/p>\r\n<\/li>\r\n<\/ol>\r\n<p data-path-to-node=\"28\">Obrazec za prijavo napake ali garancije najdete <b data-path-to-node=\"28\" data-index-in-node=\"48\">[TUKAJ]<\/b>.<\/p>\r\n<h3 data-path-to-node=\"29\">DOSTAVA<\/h3>\r\n<p data-path-to-node=\"30\">Prodajalec bo naro\u010deno blago (\u010de je na zalogi) odpremil v najkraj\u0161em mo\u017enem \u010dasu, obi\u010dajno v 1\u20133 delovnih dneh. Dostavo izvajajo Po\u0161ta Slovenije, GLS, FedEx ali druge kurirske slu\u017ebe.<\/p>\r\n<h3 data-path-to-node=\"31\">VAROVANJE OSEBNIH PODATKOV<\/h3>\r\n<p data-path-to-node=\"32\">Prodajalec se zavezuje k trajnemu varovanju vseh osebnih podatkov uporabnika v skladu z ZVOP-2 in GDPR. Ve\u010d informacij najdete v na\u0161i <b data-path-to-node=\"32\" data-index-in-node=\"134\">Politiki zasebnosti<\/b>.<\/p>\r\n<h3 data-path-to-node=\"33\">PRITO\u017dBE IN SPORI<\/h3>\r\n<p data-path-to-node=\"34\">Prodajalec spo\u0161tuje veljavno zakonodajo o varstvu potro\u0161nikov. Prito\u017ebe se oddajo prek e-po\u0161tnega naslova <b data-path-to-node=\"34\" data-index-in-node=\"106\">info@delteh.com<\/b>. Postopek obravnave prito\u017ebe je zaupen. Prodajalec si prizadeva spore re\u0161evati sporazumno. Prodajalec skladno z veljavno zakonodajo ne priznava nobenega izvajalca izvensodnega re\u0161evanja potro\u0161ni\u0161kih sporov kot pristojnega za re\u0161evanje sporov. Potro\u0161niki lahko spor re\u0161ujejo tudi prek evropske platforme za spletno re\u0161evanje sporov (ODR): <a class=\"decorated-link\" href=\"https:\/\/ec.europa.eu\/consumers\/odr\/\" target=\"_new\" rel=\"noopener\" data-start=\"4656\" data-end=\"4691\">https:\/\/ec.europa.eu\/consumers\/odr\/<\/a><\/p>\r\n<p data-path-to-node=\"34\">\u00a0<\/p>\r\n<p data-path-to-node=\"34\">Za razlago in izvajanje teh pogojev se uporablja pravo Republike Slovenije. Za re\u0161evanje sporov je pristojno stvarno pristojno sodi\u0161\u010de v Republiki Sloveniji.<\/p>\r\n<p data-path-to-node=\"34\">\u00a0<\/p>\r\n<p data-path-to-node=\"35\"><b data-path-to-node=\"35\" data-index-in-node=\"0\">Posodobljeno: 25.02.2026<\/b><\/p>\r\n\t\t<\/div>\n\t\t\t\t\t<\/div>\n\n\t\r\n<\/div>\r\n\t\t<\/div>\n\n\t\t\n<style>\n#section_1458455723 {\n  padding-top: 30px;\n  padding-bottom: 30px;\n}\n<\/style>\n\t<\/section>\n\t\r\n","protected":false},"excerpt":{"rendered":"","protected":false},"author":1,"featured_media":0,"parent":0,"menu_order":0,"comment_status":"closed","ping_status":"closed","template":"","meta":{"footnotes":""},"class_list":["post-176","page","type-page","status-publish","hentry"],"yoast_head":"<!-- This site is optimized with the Yoast SEO plugin v27.3 - https:\/\/yoast.com\/product\/yoast-seo-wordpress\/ -->\n<title>Splo\u0161ni pogoji poslovanja - Delteh.com<\/title>\n<meta name=\"robots\" content=\"noindex, nofollow\" \/>\n<meta property=\"og:locale\" content=\"sl_SI\" \/>\n<meta property=\"og:type\" content=\"article\" \/>\n<meta property=\"og:title\" content=\"Splo\u0161ni pogoji poslovanja - Delteh.com\" \/>\n<meta property=\"og:url\" content=\"https:\/\/delteh.com\/sl\/splosni-pogoji-poslovanja\/\" \/>\n<meta property=\"og:site_name\" content=\"Delteh.com\" \/>\n<meta property=\"article:publisher\" content=\"https:\/\/www.facebook.com\/people\/Delteh\/100063964302455\/\" \/>\n<meta property=\"article:modified_time\" content=\"2026-02-25T17:36:11+00:00\" \/>\n<meta name=\"twitter:card\" content=\"summary_large_image\" \/>\n<meta name=\"twitter:label1\" content=\"Est. reading time\" \/>\n\t<meta name=\"twitter:data1\" content=\"4 minute\" \/>\n<script type=\"application\/ld+json\" class=\"yoast-schema-graph\">{\"@context\":\"https:\\\/\\\/schema.org\",\"@graph\":[{\"@type\":\"WebPage\",\"@id\":\"https:\\\/\\\/delteh.com\\\/sl\\\/splosni-pogoji-poslovanja\\\/\",\"url\":\"https:\\\/\\\/delteh.com\\\/sl\\\/splosni-pogoji-poslovanja\\\/\",\"name\":\"Splo\u0161ni pogoji poslovanja - Delteh.com\",\"isPartOf\":{\"@id\":\"https:\\\/\\\/delteh.com\\\/sl\\\/#website\"},\"datePublished\":\"2024-06-28T09:09:00+00:00\",\"dateModified\":\"2026-02-25T17:36:11+00:00\",\"breadcrumb\":{\"@id\":\"https:\\\/\\\/delteh.com\\\/sl\\\/splosni-pogoji-poslovanja\\\/#breadcrumb\"},\"inLanguage\":\"sl-SI\",\"potentialAction\":[{\"@type\":\"ReadAction\",\"target\":[\"https:\\\/\\\/delteh.com\\\/sl\\\/splosni-pogoji-poslovanja\\\/\"]}]},{\"@type\":\"BreadcrumbList\",\"@id\":\"https:\\\/\\\/delteh.com\\\/sl\\\/splosni-pogoji-poslovanja\\\/#breadcrumb\",\"itemListElement\":[{\"@type\":\"ListItem\",\"position\":1,\"name\":\"Home\",\"item\":\"https:\\\/\\\/delteh.com\\\/sl\\\/\"},{\"@type\":\"ListItem\",\"position\":2,\"name\":\"Splo\u0161ni pogoji poslovanja\"}]},{\"@type\":\"WebSite\",\"@id\":\"https:\\\/\\\/delteh.com\\\/sl\\\/#website\",\"url\":\"https:\\\/\\\/delteh.com\\\/sl\\\/\",\"name\":\"DELTEH.COM\",\"description\":\"\",\"publisher\":{\"@id\":\"https:\\\/\\\/delteh.com\\\/sl\\\/#organization\"},\"potentialAction\":[{\"@type\":\"SearchAction\",\"target\":{\"@type\":\"EntryPoint\",\"urlTemplate\":\"https:\\\/\\\/delteh.com\\\/sl\\\/?s={search_term_string}\"},\"query-input\":{\"@type\":\"PropertyValueSpecification\",\"valueRequired\":true,\"valueName\":\"search_term_string\"}}],\"inLanguage\":\"sl-SI\"},{\"@type\":\"Organization\",\"@id\":\"https:\\\/\\\/delteh.com\\\/sl\\\/#organization\",\"name\":\"DELTEH\",\"url\":\"https:\\\/\\\/delteh.com\\\/sl\\\/\",\"logo\":{\"@type\":\"ImageObject\",\"inLanguage\":\"sl-SI\",\"@id\":\"https:\\\/\\\/delteh.com\\\/sl\\\/#\\\/schema\\\/logo\\\/image\\\/\",\"url\":\"https:\\\/\\\/delteh.com\\\/wp-content\\\/uploads\\\/2024\\\/10\\\/Delteh-logo-google-png.webp\",\"contentUrl\":\"https:\\\/\\\/delteh.com\\\/wp-content\\\/uploads\\\/2024\\\/10\\\/Delteh-logo-google-png.webp\",\"width\":500,\"height\":500,\"caption\":\"DELTEH\"},\"image\":{\"@id\":\"https:\\\/\\\/delteh.com\\\/sl\\\/#\\\/schema\\\/logo\\\/image\\\/\"},\"sameAs\":[\"https:\\\/\\\/www.facebook.com\\\/people\\\/Delteh\\\/100063964302455\\\/\",\"https:\\\/\\\/www.youtube.com\\\/@delteh\",\"https:\\\/\\\/www.pinterest.com\\\/Delteh86\\\/\"]}]}<\/script>\n<!-- \/ Yoast SEO plugin. -->","yoast_head_json":{"title":"Splo\u0161ni pogoji poslovanja - Delteh.com","robots":{"index":"noindex","follow":"nofollow"},"og_locale":"sl_SI","og_type":"article","og_title":"Splo\u0161ni pogoji poslovanja - Delteh.com","og_url":"https:\/\/delteh.com\/sl\/splosni-pogoji-poslovanja\/","og_site_name":"Delteh.com","article_publisher":"https:\/\/www.facebook.com\/people\/Delteh\/100063964302455\/","article_modified_time":"2026-02-25T17:36:11+00:00","twitter_card":"summary_large_image","twitter_misc":{"Est. reading time":"4 minute"},"schema":{"@context":"https:\/\/schema.org","@graph":[{"@type":"WebPage","@id":"https:\/\/delteh.com\/sl\/splosni-pogoji-poslovanja\/","url":"https:\/\/delteh.com\/sl\/splosni-pogoji-poslovanja\/","name":"Splo\u0161ni pogoji poslovanja - Delteh.com","isPartOf":{"@id":"https:\/\/delteh.com\/sl\/#website"},"datePublished":"2024-06-28T09:09:00+00:00","dateModified":"2026-02-25T17:36:11+00:00","breadcrumb":{"@id":"https:\/\/delteh.com\/sl\/splosni-pogoji-poslovanja\/#breadcrumb"},"inLanguage":"sl-SI","potentialAction":[{"@type":"ReadAction","target":["https:\/\/delteh.com\/sl\/splosni-pogoji-poslovanja\/"]}]},{"@type":"BreadcrumbList","@id":"https:\/\/delteh.com\/sl\/splosni-pogoji-poslovanja\/#breadcrumb","itemListElement":[{"@type":"ListItem","position":1,"name":"Home","item":"https:\/\/delteh.com\/sl\/"},{"@type":"ListItem","position":2,"name":"Splo\u0161ni pogoji poslovanja"}]},{"@type":"WebSite","@id":"https:\/\/delteh.com\/sl\/#website","url":"https:\/\/delteh.com\/sl\/","name":"DELTEH.COM","description":"","publisher":{"@id":"https:\/\/delteh.com\/sl\/#organization"},"potentialAction":[{"@type":"SearchAction","target":{"@type":"EntryPoint","urlTemplate":"https:\/\/delteh.com\/sl\/?s={search_term_string}"},"query-input":{"@type":"PropertyValueSpecification","valueRequired":true,"valueName":"search_term_string"}}],"inLanguage":"sl-SI"},{"@type":"Organization","@id":"https:\/\/delteh.com\/sl\/#organization","name":"DELTEH","url":"https:\/\/delteh.com\/sl\/","logo":{"@type":"ImageObject","inLanguage":"sl-SI","@id":"https:\/\/delteh.com\/sl\/#\/schema\/logo\/image\/","url":"https:\/\/delteh.com\/wp-content\/uploads\/2024\/10\/Delteh-logo-google-png.webp","contentUrl":"https:\/\/delteh.com\/wp-content\/uploads\/2024\/10\/Delteh-logo-google-png.webp","width":500,"height":500,"caption":"DELTEH"},"image":{"@id":"https:\/\/delteh.com\/sl\/#\/schema\/logo\/image\/"},"sameAs":["https:\/\/www.facebook.com\/people\/Delteh\/100063964302455\/","https:\/\/www.youtube.com\/@delteh","https:\/\/www.pinterest.com\/Delteh86\/"]}]}},"_links":{"self":[{"href":"https:\/\/delteh.com\/sl\/wp-json\/wp\/v2\/pages\/176","targetHints":{"allow":["GET"]}}],"collection":[{"href":"https:\/\/delteh.com\/sl\/wp-json\/wp\/v2\/pages"}],"about":[{"href":"https:\/\/delteh.com\/sl\/wp-json\/wp\/v2\/types\/page"}],"author":[{"embeddable":true,"href":"https:\/\/delteh.com\/sl\/wp-json\/wp\/v2\/users\/1"}],"replies":[{"embeddable":true,"href":"https:\/\/delteh.com\/sl\/wp-json\/wp\/v2\/comments?post=176"}],"version-history":[{"count":20,"href":"https:\/\/delteh.com\/sl\/wp-json\/wp\/v2\/pages\/176\/revisions"}],"predecessor-version":[{"id":1153,"href":"https:\/\/delteh.com\/sl\/wp-json\/wp\/v2\/pages\/176\/revisions\/1153"}],"wp:attachment":[{"href":"https:\/\/delteh.com\/sl\/wp-json\/wp\/v2\/media?parent=176"}],"curies":[{"name":"wp","href":"https:\/\/api.w.org\/{rel}","templated":true}]}}